{"id":537,"date":"2025-12-09T12:27:31","date_gmt":"2025-12-09T11:27:31","guid":{"rendered":"https:\/\/actionmall.act.at\/shop\/1403\/?post_type=product&#038;p=537"},"modified":"2025-12-09T12:27:31","modified_gmt":"2025-12-09T11:27:31","slug":"pistazienkrapfen","status":"publish","type":"product","link":"https:\/\/actionmall.act.at\/shop\/1403\/produkt\/pistazienkrapfen\/","title":{"rendered":"Pistazienkrapfen"},"content":{"rendered":"<p>Unser feiner neuer Krapfen gef\u00fcllt mit cremiger Pistaziencreme, getunkt in Pistazienglasur. Genie\u00dfer-Herz, was willst du mehr?!<\/p>\n<p>Zutaten<br \/>\nKrapfen (WEIZENMEHL, Wasser, H\u00dcHNERVOLLEI, Backmischung (WEIZENMEHL, Zucker, EIWEISSPULVER, LACTOSE, WEIZENKLEBER, Salz, Emulgator: Mono- und Diglyceride von Speisefetts\u00e4uren; Dextrose, Glukosesirup, Verdickungsmittel: Guarkernmehl; Aroma), Sonnenblumen\u00f6l, pflanzliches \u00d6l (Raps- und Sonnenblumen\u00f6l in ver\u00e4nderlichen Gewichtsanteilen), H\u00dcHNEREIGELB, Aroma, Backhefe, Glukosesirup, nat\u00fcrliches Aroma), Pistaziencreme (14,02%) (Palm\u00f6l, Zucker, PISTAZIEN, MAGERMILCHPULVER, MOLKENPULVER, LACTOSE, Emulgator: SOJALECITHIN; Aroma), Pistazienglasur (Glasur wei\u00df (Zucker, pflanzliche Fette (Kokosnuss, Kakaobutter), LACTOSE, MAGERMILCHPULVER, Emulgator: SOJALECITHIN; Aroma), PISTAZIEN (9,10%)), Wasser, Schlagcreme auf Pflanzen\u00f6lbasis (BUTTERMILCH, pflanzliche \u00d6le, modifizierte St\u00e4rke, Emulgator: Zuckerester von Speisefetts\u00e4uren,Mono- und Diglyceride von Speisefetts\u00e4uren, SOJALECITHIN; BUTTERMILCHPULVER, Verdickungsmittel: Guarkernmehl, Johannisbrotkernmehl), Zucker, Puddingpulver (Maisst\u00e4rke, Aroma, Rote R\u00fcben Pulver, Carthamus-Extrakt), VOLLMILCHPULVER, Vanilleschoten rot gemahlen, Curcuma<\/p>\n","protected":false},"excerpt":{"rendered":"<p>Unser feiner neuer Krapfen gef\u00fcllt mit cremiger Pistaziencreme, getunkt in Pistazienglasur. Genie\u00dfer-Herz, was willst du mehr?!<\/p>\n","protected":false},"featured_media":321,"template":"","meta":[],"product_cat":[],"product_tag":[],"class_list":{"0":"post-537","1":"product","2":"type-product","3":"status-publish","4":"has-post-thumbnail","7":"first","8":"instock","9":"taxable","10":"shipping-taxable","11":"purchasable","12":"product-type-simple"},"_links":{"self":[{"href":"https:\/\/actionmall.act.at\/shop\/1403\/wp-json\/wp\/v2\/product\/537"}],"collection":[{"href":"https:\/\/actionmall.act.at\/shop\/1403\/wp-json\/wp\/v2\/product"}],"about":[{"href":"https:\/\/actionmall.act.at\/shop\/1403\/wp-json\/wp\/v2\/types\/product"}],"wp:featuredmedia":[{"embeddable":true,"href":"https:\/\/actionmall.act.at\/shop\/1403\/wp-json\/wp\/v2\/media\/321"}],"wp:attachment":[{"href":"https:\/\/actionmall.act.at\/shop\/1403\/wp-json\/wp\/v2\/media?parent=537"}],"wp:term":[{"taxonomy":"product_cat","embeddable":true,"href":"https:\/\/actionmall.act.at\/shop\/1403\/wp-json\/wp\/v2\/product_cat?post=537"},{"taxonomy":"product_tag","embeddable":true,"href":"https:\/\/actionmall.act.at\/shop\/1403\/wp-json\/wp\/v2\/product_tag?post=537"}],"curies":[{"name":"wp","href":"https:\/\/api.w.org\/{rel}","templated":true}]}}