{"id":540,"date":"2026-04-28T12:19:49","date_gmt":"2026-04-28T10:19:49","guid":{"rendered":"https:\/\/actionmall.act.at\/shop\/1403\/?post_type=product&#038;p=540"},"modified":"2026-04-28T12:19:49","modified_gmt":"2026-04-28T10:19:49","slug":"nougatkrapfen","status":"publish","type":"product","link":"https:\/\/actionmall.act.at\/shop\/1403\/produkt\/nougatkrapfen\/","title":{"rendered":"Nougatkrapfen"},"content":{"rendered":"<p>Nougatcreme umh\u00fcllt von zartem Teig und bestreut mit aromatischen, ger\u00f6steten Waln\u00fcssen.<\/p>\n<p>FAIRTRADE-Kakao<br \/>\nZutaten<br \/>\nWEIZENMEHL, Haselnusscreme (25,55%) (Zucker, Raps\u00f6l, HASELN\u00dcSSE, Kakaopulver, MAGERMILCHPULVER, MOLKENPULVER, LACTOSE, Emulgator: Sonnenblumenlecithin; Aroma), Margarine 80% Fett (Palmfett, pflanzliches \u00d6l (Raps- und Sonnenblumen\u00f6l in ver\u00e4nderlichen Gewichtsanteilen), Trinkwasser, Emulgator: Mono- und Diglyceride von Speisefetts\u00e4uren, Lecithin; S\u00e4ureregulator: Zitronens\u00e4ure, Trinatriumcitrat; Speisesalz, nat\u00fcrliches Aroma, pflanzliche Fette (Palm), Raps\u00f6l, S\u00e4uerungsmittel: Zitronens\u00e4ure), Nougatcreme (8,66%) (Zucker, pflanzliche Fette und \u00d6le, HASELN\u00dcSSE, fettarmes Kakaopulver, Emulgator: SOJALECITHIN), WALN\u00dcSSE, H\u00dcHNERVOLLEI, Wasser, Zucker, H\u00dcHNEREIGELB, Glukosesirup, Backhefe, VOLLMILCHPULVER, jodiertes Speisesalz (Speisesalz, Kaliumjodid), Backmittel (WEIZENMEHL, Zucker, WEIZENKLEBER, WEIZENQUELLMEHL, WEIZENMALZMEHL, Malzextrakt (GERSTENMALZ, Wasser)), nat\u00fcrliches Aroma<\/p>\n","protected":false},"excerpt":{"rendered":"<p>Nougatcreme umh\u00fcllt von zartem Teig und bestreut mit aromatischen, ger\u00f6steten Waln\u00fcssen. FAIRTRADE-Kakao Zutaten WEIZENMEHL, Haselnusscreme (25,55%) (Zucker, Raps\u00f6l, HASELN\u00dcSSE, Kakaopulver, MAGERMILCHPULVER, MOLKENPULVER, LACTOSE, Emulgator: Sonnenblumenlecithin; Aroma), Margarine 80% Fett (Palmfett, pflanzliches \u00d6l (Raps- und Sonnenblumen\u00f6l in ver\u00e4nderlichen Gewichtsanteilen), Trinkwasser, Emulgator: Mono- und Diglyceride von Speisefetts\u00e4uren, Lecithin; S\u00e4ureregulator: Zitronens\u00e4ure, Trinatriumcitrat; Speisesalz, nat\u00fcrliches Aroma, pflanzliche Fette (Palm), [&hellip;]<\/p>\n","protected":false},"featured_media":542,"template":"","meta":[],"product_cat":[44],"product_tag":[],"class_list":{"0":"post-540","1":"product","2":"type-product","3":"status-publish","4":"has-post-thumbnail","6":"product_cat-essen-und-trinken","8":"first","9":"instock","10":"taxable","11":"shipping-taxable","12":"purchasable","13":"product-type-simple"},"_links":{"self":[{"href":"https:\/\/actionmall.act.at\/shop\/1403\/wp-json\/wp\/v2\/product\/540"}],"collection":[{"href":"https:\/\/actionmall.act.at\/shop\/1403\/wp-json\/wp\/v2\/product"}],"about":[{"href":"https:\/\/actionmall.act.at\/shop\/1403\/wp-json\/wp\/v2\/types\/product"}],"wp:featuredmedia":[{"embeddable":true,"href":"https:\/\/actionmall.act.at\/shop\/1403\/wp-json\/wp\/v2\/media\/542"}],"wp:attachment":[{"href":"https:\/\/actionmall.act.at\/shop\/1403\/wp-json\/wp\/v2\/media?parent=540"}],"wp:term":[{"taxonomy":"product_cat","embeddable":true,"href":"https:\/\/actionmall.act.at\/shop\/1403\/wp-json\/wp\/v2\/product_cat?post=540"},{"taxonomy":"product_tag","embeddable":true,"href":"https:\/\/actionmall.act.at\/shop\/1403\/wp-json\/wp\/v2\/product_tag?post=540"}],"curies":[{"name":"wp","href":"https:\/\/api.w.org\/{rel}","templated":true}]}}