{"id":543,"date":"2025-12-09T14:07:47","date_gmt":"2025-12-09T13:07:47","guid":{"rendered":"https:\/\/actionmall.act.at\/shop\/1403\/?post_type=product&#038;p=543"},"modified":"2026-02-10T11:41:27","modified_gmt":"2026-02-10T10:41:27","slug":"schoko-bananenkrapfen","status":"publish","type":"product","link":"https:\/\/actionmall.act.at\/shop\/1403\/produkt\/schoko-bananenkrapfen\/","title":{"rendered":"Schoko-Bananenkrapfen"},"content":{"rendered":"<p>Abwechslung gef\u00e4llig? Wie w\u00e4re es dann mit unserem neuen Krapfen gef\u00fcllt mit s\u00fc\u00dfer Bananencreme und getunkt in dunkler Schokolade?<\/p>\n<p>FAIRTRADE-Kakao<br \/>\nZutaten<br \/>\nKrapfen (WEIZENMEHL, Wasser, H\u00dcHNERVOLLEI, Backmischung (WEIZENMEHL, Zucker, EIWEISSPULVER, LACTOSE, WEIZENKLEBER, Salz, Emulgator: Mono- und Diglyceride von Speisefetts\u00e4uren; Dextrose, Glukosesirup, Verdickungsmittel: Guarkernmehl; Aroma), Sonnenblumen\u00f6l, pflanzliches \u00d6l (Raps- und Sonnenblumen\u00f6l in ver\u00e4nderlichen Gewichtsanteilen), H\u00dcHNEREIGELB, Aroma, Backhefe, Glukosesirup, nat\u00fcrliches Aroma), Wasser, Bananenzubereitung (6,07%) (Banane, S\u00e4uerungsmittel: Zitronens\u00e4ure; Antioxidationsmittel: Ascorbins\u00e4ure), Glasur dunkel (5,56%) (Zucker, Pflanzenfett, Kakaopulver, Kakaomasse, Emulgator: Sonnenblumenlecithin; Vanillin), Schlagcreme auf Pflanzen\u00f6lbasis (BUTTERMILCH, pflanzliche \u00d6le, modifizierte St\u00e4rke, Emulgator: Zuckerester von Speisefetts\u00e4uren, Mono- und Diglyceride von Speisefetts\u00e4uren, SOJALECITHIN; BUTTERMILCHPULVER, Verdickungsmittel: Guarkernmehl, Johannisbrotkernmehl), Zucker, Fruchtzubereitung (Zucker, Marillenp\u00fcree, Wasser, Verdickungsmittel: Pektin; S\u00e4uerungsmittel: Zitronens\u00e4ure; Konservierungsstoff: Kaliumsorbat), VOLLMILCHPULVER, Puddingpulver (Maisst\u00e4rke, Aroma, Rote R\u00fcben Pulver, Carthamus-Extrakt), pflanzliches \u00d6l (Raps- und Sonnenblumen\u00f6l in ver\u00e4nderlichen Gewichtsanteilen), Kuvert\u00fcre wei\u00df (0,38%) (Zucker, Kakaobutter, VOLLMILCHPULVER, Emulgator: SOJALECITHIN; nat\u00fcrliches Vanillearoma), Glukosesirup, Gezuckerte Kondensmilch (VOLLMILCH, Zucker, LACTOSE), Gelatine Pulver, Curcuma<\/p>\n","protected":false},"excerpt":{"rendered":"<p><img loading=\"lazy\" decoding=\"async\" class=\"alignnone size-medium wp-image-568\" src=\"https:\/\/actionmall.act.at\/shop\/1403\/wp-content\/uploads\/2025\/12\/Schoko-Bananenkrapfen_12937_Seite_720x720px-300x209.png\" alt=\"\" width=\"300\" height=\"209\" srcset=\"https:\/\/actionmall.act.at\/shop\/1403\/wp-content\/uploads\/2025\/12\/Schoko-Bananenkrapfen_12937_Seite_720x720px-300x209.png 300w, https:\/\/actionmall.act.at\/shop\/1403\/wp-content\/uploads\/2025\/12\/Schoko-Bananenkrapfen_12937_Seite_720x720px-416x289.png 416w, https:\/\/actionmall.act.at\/shop\/1403\/wp-content\/uploads\/2025\/12\/Schoko-Bananenkrapfen_12937_Seite_720x720px.png 551w\" sizes=\"(max-width: 300px) 100vw, 300px\" \/>Abwechslung gef\u00e4llig? Wie w\u00e4re es dann<br \/>\nmit unserem neuen Krapfen gef\u00fcllt mit<br \/>\ns\u00fc\u00dfer Bananencreme und getunkt in<br \/>\ndunkler Schokolade?<\/p>\n","protected":false},"featured_media":0,"template":"","meta":[],"product_cat":[],"product_tag":[],"class_list":{"0":"post-543","1":"product","2":"type-product","3":"status-publish","6":"first","7":"instock","8":"taxable","9":"shipping-taxable","10":"purchasable","11":"product-type-simple"},"_links":{"self":[{"href":"https:\/\/actionmall.act.at\/shop\/1403\/wp-json\/wp\/v2\/product\/543"}],"collection":[{"href":"https:\/\/actionmall.act.at\/shop\/1403\/wp-json\/wp\/v2\/product"}],"about":[{"href":"https:\/\/actionmall.act.at\/shop\/1403\/wp-json\/wp\/v2\/types\/product"}],"wp:attachment":[{"href":"https:\/\/actionmall.act.at\/shop\/1403\/wp-json\/wp\/v2\/media?parent=543"}],"wp:term":[{"taxonomy":"product_cat","embeddable":true,"href":"https:\/\/actionmall.act.at\/shop\/1403\/wp-json\/wp\/v2\/product_cat?post=543"},{"taxonomy":"product_tag","embeddable":true,"href":"https:\/\/actionmall.act.at\/shop\/1403\/wp-json\/wp\/v2\/product_tag?post=543"}],"curies":[{"name":"wp","href":"https:\/\/api.w.org\/{rel}","templated":true}]}}