{"id":562,"date":"2026-02-10T11:16:17","date_gmt":"2026-02-10T10:16:17","guid":{"rendered":"https:\/\/actionmall.act.at\/shop\/1403\/?post_type=product&#038;p=562"},"modified":"2026-02-10T11:17:01","modified_gmt":"2026-02-10T10:17:01","slug":"marillenkrapfen","status":"publish","type":"product","link":"https:\/\/actionmall.act.at\/shop\/1403\/produkt\/marillenkrapfen\/","title":{"rendered":"Marillenkrapfen"},"content":{"rendered":"<p>WEIZENMEHL, Marillenmarmelade 55% Fruchtanteil (23,96%) (Marillen, Zucker, Glukose-Fruktose-Sirup, Geliermittel: Pektin; Zitronensaftkonzentrat, Konservierungsstoff: Kaliumsorbat), Wasser, H\u00dcHNERVOLLEI (8,65%), Backmischung (WEIZENMEHL, Zucker, EIWEISSPULVER, LACTOSE, WEIZENKLEBER, Salz, Emulgator: Mono- und Diglyceride von Speisefetts\u00e4uren; Dextrose, Glukosesirup, Verdickungsmittel: Guarkernmehl; Aroma), Sonnenblumen\u00f6l, pflanzliches \u00d6l (Raps- und Sonnenblumen\u00f6l in ver\u00e4nderlichen Gewichtsanteilen), H\u00dcHNEREIGELB (2,77%), Aroma, Backhefe, Glukosesirup, nat\u00fcrliches Aroma<\/p>\n","protected":false},"excerpt":{"rendered":"<p>Er ist gef\u00fcllt mit bester Marillenmarmelade aus Fr\u00fcchten<br \/>\nder burgenl\u00e4ndischen Genussregion \u201eKittseer Marille\u201c. Die<br \/>\nMarmelade hat einen Fruchtanteil von 55 %<img loading=\"lazy\" decoding=\"async\" class=\"alignnone size-medium wp-image-354\" src=\"https:\/\/actionmall.act.at\/shop\/1403\/wp-content\/uploads\/2025\/02\/Bild2-300x300.png\" alt=\"\" width=\"300\" height=\"300\" srcset=\"https:\/\/actionmall.act.at\/shop\/1403\/wp-content\/uploads\/2025\/02\/Bild2-300x300.png 300w, https:\/\/actionmall.act.at\/shop\/1403\/wp-content\/uploads\/2025\/02\/Bild2-150x150.png 150w, https:\/\/actionmall.act.at\/shop\/1403\/wp-content\/uploads\/2025\/02\/Bild2-324x324.png 324w, https:\/\/actionmall.act.at\/shop\/1403\/wp-content\/uploads\/2025\/02\/Bild2-416x416.png 416w, https:\/\/actionmall.act.at\/shop\/1403\/wp-content\/uploads\/2025\/02\/Bild2-100x100.png 100w, https:\/\/actionmall.act.at\/shop\/1403\/wp-content\/uploads\/2025\/02\/Bild2.png 533w\" sizes=\"(max-width: 300px) 100vw, 300px\" \/><\/p>\n","protected":false},"featured_media":0,"template":"","meta":[],"product_cat":[],"product_tag":[],"class_list":{"0":"post-562","1":"product","2":"type-product","3":"status-publish","6":"first","7":"instock","8":"taxable","9":"shipping-taxable","10":"purchasable","11":"product-type-simple"},"_links":{"self":[{"href":"https:\/\/actionmall.act.at\/shop\/1403\/wp-json\/wp\/v2\/product\/562"}],"collection":[{"href":"https:\/\/actionmall.act.at\/shop\/1403\/wp-json\/wp\/v2\/product"}],"about":[{"href":"https:\/\/actionmall.act.at\/shop\/1403\/wp-json\/wp\/v2\/types\/product"}],"wp:attachment":[{"href":"https:\/\/actionmall.act.at\/shop\/1403\/wp-json\/wp\/v2\/media?parent=562"}],"wp:term":[{"taxonomy":"product_cat","embeddable":true,"href":"https:\/\/actionmall.act.at\/shop\/1403\/wp-json\/wp\/v2\/product_cat?post=562"},{"taxonomy":"product_tag","embeddable":true,"href":"https:\/\/actionmall.act.at\/shop\/1403\/wp-json\/wp\/v2\/product_tag?post=562"}],"curies":[{"name":"wp","href":"https:\/\/api.w.org\/{rel}","templated":true}]}}