{"id":563,"date":"2026-02-10T11:27:46","date_gmt":"2026-02-10T10:27:46","guid":{"rendered":"https:\/\/actionmall.act.at\/shop\/1403\/?post_type=product&#038;p=563"},"modified":"2026-02-10T11:27:46","modified_gmt":"2026-02-10T10:27:46","slug":"powidl-mohn-krapfen","status":"publish","type":"product","link":"https:\/\/actionmall.act.at\/shop\/1403\/produkt\/powidl-mohn-krapfen\/","title":{"rendered":"Powidl-Mohn Krapfen"},"content":{"rendered":"<p>Krapfen (WEIZENMEHL, Wasser, H\u00dcHNERVOLLEI, Backmischung (WEIZENMEHL, Zucker, EIWEISSPULVER, LACTOSE, WEIZENKLEBER, Salz, Emulgator: Mono- und Diglyceride von Speisefetts\u00e4uren; Dextrose, Glukosesirup, Verdickungsmittel: Guarkernmehl; Aroma), Sonnenblumen\u00f6l, pflanzliches \u00d6l (Raps- und Sonnenblumen\u00f6l in ver\u00e4nderlichen Gewichtsanteilen), H\u00dcHNEREIGELB, Aroma, Backhefe, Glukosesirup, nat\u00fcrliches Aroma), Powidl (27,23%) (Pflaumen, Zucker, Glukose-Fruktose-Sirup, Zimt, S\u00e4uerungsmittel: Zitronens\u00e4ure; Konservierungsstoff: Kaliumsorbat; Aroma, nat\u00fcrliches Zimt-Aroma), Graumohn (6,05%), Dekorzucker (Dextrose, WEIZENST\u00c4RKE, Zucker, Trennmittel: Calciumstearat; Sheabutter, nat\u00fcrliches Aroma), Fruchtzubereitung (Zucker, Marillenp\u00fcree, Wasser, Verdickungsmittel: Pektin; S\u00e4uerungsmittel: Zitronens\u00e4ure; Konservierungsstoff: Kaliumsorbat)<\/p>\n","protected":false},"excerpt":{"rendered":"<p>Wieder da in unserem Krapfen-Sortiment:<br \/>\ngef\u00fcllt mit Powidl und getunkt in Mohn Zucker.<img loading=\"lazy\" decoding=\"async\" class=\"alignnone size-medium wp-image-564\" src=\"https:\/\/actionmall.act.at\/shop\/1403\/wp-content\/uploads\/2026\/02\/Powidl-Mohn-Krapfen_12936_Seite_720x720px-300x300.jpg\" alt=\"\" width=\"300\" height=\"300\" srcset=\"https:\/\/actionmall.act.at\/shop\/1403\/wp-content\/uploads\/2026\/02\/Powidl-Mohn-Krapfen_12936_Seite_720x720px-300x300.jpg 300w, https:\/\/actionmall.act.at\/shop\/1403\/wp-content\/uploads\/2026\/02\/Powidl-Mohn-Krapfen_12936_Seite_720x720px-150x150.jpg 150w, https:\/\/actionmall.act.at\/shop\/1403\/wp-content\/uploads\/2026\/02\/Powidl-Mohn-Krapfen_12936_Seite_720x720px-324x324.jpg 324w, https:\/\/actionmall.act.at\/shop\/1403\/wp-content\/uploads\/2026\/02\/Powidl-Mohn-Krapfen_12936_Seite_720x720px-416x416.jpg 416w, https:\/\/actionmall.act.at\/shop\/1403\/wp-content\/uploads\/2026\/02\/Powidl-Mohn-Krapfen_12936_Seite_720x720px-100x100.jpg 100w, https:\/\/actionmall.act.at\/shop\/1403\/wp-content\/uploads\/2026\/02\/Powidl-Mohn-Krapfen_12936_Seite_720x720px.jpg 720w\" sizes=\"(max-width: 300px) 100vw, 300px\" \/><\/p>\n","protected":false},"featured_media":0,"template":"","meta":[],"product_cat":[],"product_tag":[],"class_list":{"0":"post-563","1":"product","2":"type-product","3":"status-publish","6":"first","7":"instock","8":"taxable","9":"shipping-taxable","10":"purchasable","11":"product-type-simple"},"_links":{"self":[{"href":"https:\/\/actionmall.act.at\/shop\/1403\/wp-json\/wp\/v2\/product\/563"}],"collection":[{"href":"https:\/\/actionmall.act.at\/shop\/1403\/wp-json\/wp\/v2\/product"}],"about":[{"href":"https:\/\/actionmall.act.at\/shop\/1403\/wp-json\/wp\/v2\/types\/product"}],"wp:attachment":[{"href":"https:\/\/actionmall.act.at\/shop\/1403\/wp-json\/wp\/v2\/media?parent=563"}],"wp:term":[{"taxonomy":"product_cat","embeddable":true,"href":"https:\/\/actionmall.act.at\/shop\/1403\/wp-json\/wp\/v2\/product_cat?post=563"},{"taxonomy":"product_tag","embeddable":true,"href":"https:\/\/actionmall.act.at\/shop\/1403\/wp-json\/wp\/v2\/product_tag?post=563"}],"curies":[{"name":"wp","href":"https:\/\/api.w.org\/{rel}","templated":true}]}}