{"id":566,"date":"2026-02-10T11:30:44","date_gmt":"2026-02-10T10:30:44","guid":{"rendered":"https:\/\/actionmall.act.at\/shop\/1403\/?post_type=product&#038;p=566"},"modified":"2026-02-10T11:38:42","modified_gmt":"2026-02-10T10:38:42","slug":"cremekrapfen","status":"publish","type":"product","link":"https:\/\/actionmall.act.at\/shop\/1403\/produkt\/cremekrapfen\/","title":{"rendered":"Cremekrapfen"},"content":{"rendered":"<p>WEIZENMEHL, Wasser, H\u00dcHNERVOLLEI, Backmischung (WEIZENMEHL, Zucker, EIWEISSPULVER, LACTOSE, WEIZENKLEBER, Salz, Emulgator: Mono- und Diglyceride von Speisefetts\u00e4uren; Dextrose, Glukosesirup, Verdickungsmittel: Guarkernmehl; Aroma), Schlagcreme auf Pflanzen\u00f6lbasis (BUTTERMILCH, pflanzliche \u00d6le (Palmfett ganz geh\u00e4rtet, Kokos, Palm), modifizierte St\u00e4rke, Emulgator: Zuckerester von Speisefetts\u00e4uren, Mono- und Diglyceride von Speisefetts\u00e4uren, SOJALECITHIN; BUTTERMILCHPULVER, Verdickungsmittel: Guarkernmehl, Johannisbrotkernmehl), Zucker, Sonnenblumen\u00f6l, pflanzliches \u00d6l (Raps- und Sonnenblumen\u00f6l in ver\u00e4nderlichen Gewichtsanteilen), H\u00dcHNEREIGELB, Puddingpulver (Maisst\u00e4rke, Aroma, Rote R\u00fcben Pulver, Carthamus-Extrakt), VOLLMILCHPULVER, Aroma, Backhefe, Glukosesirup, nat\u00fcrliches Aroma, Vanilleschoten rot gemahlen, Curcuma<\/p>\n","protected":false},"excerpt":{"rendered":"<p>Auch der Cremekrapfen ist ein Fixstern in<br \/>\nunserem Sortiment: Die herrlich lockere<br \/>\nVanillecreme gibt diesem Krapfen das<br \/>\nbesondere Etwas<\/p>\n","protected":false},"featured_media":0,"template":"","meta":[],"product_cat":[],"product_tag":[],"class_list":{"0":"post-566","1":"product","2":"type-product","3":"status-publish","6":"first","7":"instock","8":"taxable","9":"shipping-taxable","10":"purchasable","11":"product-type-simple"},"_links":{"self":[{"href":"https:\/\/actionmall.act.at\/shop\/1403\/wp-json\/wp\/v2\/product\/566"}],"collection":[{"href":"https:\/\/actionmall.act.at\/shop\/1403\/wp-json\/wp\/v2\/product"}],"about":[{"href":"https:\/\/actionmall.act.at\/shop\/1403\/wp-json\/wp\/v2\/types\/product"}],"wp:attachment":[{"href":"https:\/\/actionmall.act.at\/shop\/1403\/wp-json\/wp\/v2\/media?parent=566"}],"wp:term":[{"taxonomy":"product_cat","embeddable":true,"href":"https:\/\/actionmall.act.at\/shop\/1403\/wp-json\/wp\/v2\/product_cat?post=566"},{"taxonomy":"product_tag","embeddable":true,"href":"https:\/\/actionmall.act.at\/shop\/1403\/wp-json\/wp\/v2\/product_tag?post=566"}],"curies":[{"name":"wp","href":"https:\/\/api.w.org\/{rel}","templated":true}]}}