{"id":589,"date":"2026-04-21T13:05:07","date_gmt":"2026-04-21T11:05:07","guid":{"rendered":"https:\/\/actionmall.act.at\/shop\/1403\/?post_type=product&#038;p=589"},"modified":"2026-04-21T13:05:07","modified_gmt":"2026-04-21T11:05:07","slug":"apfelstrudel","status":"publish","type":"product","link":"https:\/\/actionmall.act.at\/shop\/1403\/produkt\/apfelstrudel\/","title":{"rendered":"Apfelstrudel"},"content":{"rendered":"<p>Apfel (76,40%), WEIZENMEHL, Zucker, Rosinen, Wasser, pflanzliches \u00d6l (Raps- und Sonnenblumen\u00f6l in ver\u00e4nderlichen Gewichtsanteilen), H\u00dcHNERVOLLEI, BUTTER, jodiertes Speisesalz (Speisesalz, Kaliumjodid), Backmittel (WEIZENMEHL, Zucker, WEIZENKLEBER, WEIZENQUELLMEHL, WEIZENMALZMEHL, Malzextrakt (GERSTENMALZ, Wasser)), Zimt, nat\u00fcrliches Aroma, Backhefe<\/p>\n","protected":false},"excerpt":{"rendered":"<p>Wir machen unseren Apfelstrudel ganz nach althergebrachter Tradition. Zarter, hauchd\u00fcnner Strudelteig gef\u00fcllt mit reichlich \u00c4pfeln, Rosinen, s\u00fc\u00dfen Br\u00f6seln und etwas Zimt. Mit diesem Klassiker liegen Sie immer richtig.<\/p>\n","protected":false},"featured_media":590,"template":"","meta":[],"product_cat":[44],"product_tag":[],"class_list":{"0":"post-589","1":"product","2":"type-product","3":"status-publish","4":"has-post-thumbnail","6":"product_cat-essen-und-trinken","8":"first","9":"instock","10":"taxable","11":"shipping-taxable","12":"purchasable","13":"product-type-simple"},"_links":{"self":[{"href":"https:\/\/actionmall.act.at\/shop\/1403\/wp-json\/wp\/v2\/product\/589"}],"collection":[{"href":"https:\/\/actionmall.act.at\/shop\/1403\/wp-json\/wp\/v2\/product"}],"about":[{"href":"https:\/\/actionmall.act.at\/shop\/1403\/wp-json\/wp\/v2\/types\/product"}],"wp:featuredmedia":[{"embeddable":true,"href":"https:\/\/actionmall.act.at\/shop\/1403\/wp-json\/wp\/v2\/media\/590"}],"wp:attachment":[{"href":"https:\/\/actionmall.act.at\/shop\/1403\/wp-json\/wp\/v2\/media?parent=589"}],"wp:term":[{"taxonomy":"product_cat","embeddable":true,"href":"https:\/\/actionmall.act.at\/shop\/1403\/wp-json\/wp\/v2\/product_cat?post=589"},{"taxonomy":"product_tag","embeddable":true,"href":"https:\/\/actionmall.act.at\/shop\/1403\/wp-json\/wp\/v2\/product_tag?post=589"}],"curies":[{"name":"wp","href":"https:\/\/api.w.org\/{rel}","templated":true}]}}