{"id":591,"date":"2026-04-21T13:06:20","date_gmt":"2026-04-21T11:06:20","guid":{"rendered":"https:\/\/actionmall.act.at\/shop\/1403\/?post_type=product&#038;p=591"},"modified":"2026-04-21T13:06:52","modified_gmt":"2026-04-21T11:06:52","slug":"schoko-muffin","status":"publish","type":"product","link":"https:\/\/actionmall.act.at\/shop\/1403\/produkt\/schoko-muffin\/","title":{"rendered":"Schoko-Muffin"},"content":{"rendered":"<div class=\"entry-content p1\">\n<p>Muffins \u2013\u00a0die kleinen K\u00fcchlein im h\u00fcbschen Papierkleid \u2013 sind l\u00e4ngst auch bei uns echte Klassiker geworden. Und das auch ganz zurecht, finden wir.<br \/>\nWir backen die Muffins sch\u00f6n saftig und veredeln den Teig noch mit dunklen Schokoladest\u00fccken. Die sorgen f\u00fcr Biss und f\u00fcr kleine, s\u00fc\u00dfe \u00dcberraschungen zwischendurch.<\/p>\n<\/div>\n<div class=\"entry-footer\"><\/div>\n","protected":false},"excerpt":{"rendered":"<p>Backmischung (Zucker, WEIZENST\u00c4RKE, modifizierte St\u00e4rke, WEIZENMEHL, Kokosfett, S\u00dcSSMOLKENPULVER, Backtriebmittel: Diphosphate, Natriumcarbonate; Emulgator: Natriumstearoyl-2-lactylat, Diacetylweins\u00e4ureester von Mono- und Diglyceriden von Speisefetts\u00e4uren, Polyglycerinester von Speisefetts\u00e4uren, Mono- und Diglyceride von Speisefetts\u00e4uren; jodiertes Speisesalz, Glukosesirup, Aroma, Reisst\u00e4rke, Verdickungsmittel: Xanthan; MILCHEIWEISS), pflanzliches \u00d6l (Raps- und Sonnenblumen\u00f6l in ver\u00e4nderlichen Gewichtsanteilen), H\u00dcHNERVOLLEI, Tropfen aus dunkler Schokolade (16,60%) (Zucker, Kakaomasse, Kakaobutter, Dextrose, Emulgator: SOJALECITHIN), Wasser<\/p>\n","protected":false},"featured_media":0,"template":"","meta":[],"product_cat":[44],"product_tag":[],"class_list":{"0":"post-591","1":"product","2":"type-product","3":"status-publish","5":"product_cat-essen-und-trinken","7":"first","8":"instock","9":"taxable","10":"shipping-taxable","11":"purchasable","12":"product-type-simple"},"_links":{"self":[{"href":"https:\/\/actionmall.act.at\/shop\/1403\/wp-json\/wp\/v2\/product\/591"}],"collection":[{"href":"https:\/\/actionmall.act.at\/shop\/1403\/wp-json\/wp\/v2\/product"}],"about":[{"href":"https:\/\/actionmall.act.at\/shop\/1403\/wp-json\/wp\/v2\/types\/product"}],"wp:attachment":[{"href":"https:\/\/actionmall.act.at\/shop\/1403\/wp-json\/wp\/v2\/media?parent=591"}],"wp:term":[{"taxonomy":"product_cat","embeddable":true,"href":"https:\/\/actionmall.act.at\/shop\/1403\/wp-json\/wp\/v2\/product_cat?post=591"},{"taxonomy":"product_tag","embeddable":true,"href":"https:\/\/actionmall.act.at\/shop\/1403\/wp-json\/wp\/v2\/product_tag?post=591"}],"curies":[{"name":"wp","href":"https:\/\/api.w.org\/{rel}","templated":true}]}}