{"id":595,"date":"2026-04-21T13:08:58","date_gmt":"2026-04-21T11:08:58","guid":{"rendered":"https:\/\/actionmall.act.at\/shop\/1403\/?post_type=product&#038;p=595"},"modified":"2026-04-21T13:11:19","modified_gmt":"2026-04-21T11:11:19","slug":"bananenmuffin","status":"publish","type":"product","link":"https:\/\/actionmall.act.at\/shop\/1403\/produkt\/bananenmuffin\/","title":{"rendered":"Bananenmuffin"},"content":{"rendered":"<div class=\"entry-content p1\">\n<p>Wir backen unsere veganen Muffins sch\u00f6n saftig und veredeln den Teig mit Bananen- und Walnussst\u00fcckchen und garnieren den Muffin mit Streusel.<\/p>\n<p><small><i>Trotz gr\u00f6\u00dftm\u00f6glicher Sorgfalt in Lieferkette und Produktion kann dieses Produkt ggf. Reste von Nussschalen oder Kernen enthalten.<\/i><\/small><\/p>\n<\/div>\n<div class=\"entry-footer\"><\/div>\n","protected":false},"excerpt":{"rendered":"<p>Bananenzubereitung (47,92%) (Banane, S\u00e4uerungsmittel: Zitronens\u00e4ure; Antioxidationsmittel: Ascorbins\u00e4ure), WEIZENMEHL, Zucker, pflanzliches \u00d6l (Raps- und Sonnenblumen\u00f6l in ver\u00e4nderlichen Gewichtsanteilen), Malzextrakt (GERSTENMALZ, Wasser), Getr\u00e4nk aus Soja (Wasser, SOJABOHNEN), brauner Zucker, Margarine 80% Fett (pflanzliche Fette (Palm), Trinkwasser, Raps\u00f6l, Emulgator: Mono- und Diglyceride von Speisefetts\u00e4uren, Lecithin; Speisesalz, S\u00e4uerungsmittel: Zitronens\u00e4ure), WALN\u00dcSSE, Puddingpulver (Maisst\u00e4rke, Aroma, Rote R\u00fcben Pulver, Carthamus-Extrakt), MANDELN, Backtriebmittel: Natron; jodiertes Speisesalz (Speisesalz, Kaliumjodid), Zimt<\/p>\n","protected":false},"featured_media":0,"template":"","meta":[],"product_cat":[44],"product_tag":[],"class_list":{"0":"post-595","1":"product","2":"type-product","3":"status-publish","5":"product_cat-essen-und-trinken","7":"first","8":"instock","9":"taxable","10":"shipping-taxable","11":"purchasable","12":"product-type-simple"},"_links":{"self":[{"href":"https:\/\/actionmall.act.at\/shop\/1403\/wp-json\/wp\/v2\/product\/595"}],"collection":[{"href":"https:\/\/actionmall.act.at\/shop\/1403\/wp-json\/wp\/v2\/product"}],"about":[{"href":"https:\/\/actionmall.act.at\/shop\/1403\/wp-json\/wp\/v2\/types\/product"}],"wp:attachment":[{"href":"https:\/\/actionmall.act.at\/shop\/1403\/wp-json\/wp\/v2\/media?parent=595"}],"wp:term":[{"taxonomy":"product_cat","embeddable":true,"href":"https:\/\/actionmall.act.at\/shop\/1403\/wp-json\/wp\/v2\/product_cat?post=595"},{"taxonomy":"product_tag","embeddable":true,"href":"https:\/\/actionmall.act.at\/shop\/1403\/wp-json\/wp\/v2\/product_tag?post=595"}],"curies":[{"name":"wp","href":"https:\/\/api.w.org\/{rel}","templated":true}]}}