{"id":613,"date":"2026-04-28T13:22:49","date_gmt":"2026-04-28T11:22:49","guid":{"rendered":"https:\/\/actionmall.act.at\/shop\/1403\/?post_type=product&#038;p=613"},"modified":"2026-04-28T13:23:35","modified_gmt":"2026-04-28T11:23:35","slug":"zimt-donut","status":"publish","type":"product","link":"https:\/\/actionmall.act.at\/shop\/1403\/produkt\/zimt-donut\/","title":{"rendered":"Zimt-Donut"},"content":{"rendered":"<p>WEIZENMEHL, Wasser, Backmischung (WEIZENMEHL, Zucker, EIWEISSPULVER, LACTOSE, WEIZENKLEBER, Salz, Emulgator: Mono- und Diglyceride von Speisefetts\u00e4uren; Dextrose, Glukosesirup, Verdickungsmittel: Guarkernmehl; Aroma), Sonnenblumen\u00f6l, H\u00dcHNERVOLLEI, pflanzliches \u00d6l (Raps- und Sonnenblumen\u00f6l in ver\u00e4nderlichen Gewichtsanteilen), H\u00dcHNEREIGELB, Persipan (Marillenkerne, Zucker, Wasser, Invertzuckersirup, Kartoffelst\u00e4rke), Aroma, Backhefe, BUTTERREINFETT, Fruchtzubereitung (Zucker, Marillenp\u00fcree, Wasser, Verdickungsmittel: Pektin; S\u00e4uerungsmittel: Zitronens\u00e4ure; Konservierungsstoff: Kaliumsorbat), Zucker, nat\u00fcrliches Aroma, Zimt (0,01%)<\/p>\n","protected":false},"excerpt":{"rendered":"<p>WEIZENMEHL, Wasser, Backmischung (WEIZENMEHL, Zucker, EIWEISSPULVER, LACTOSE, WEIZENKLEBER, Salz, Emulgator: Mono- und Diglyceride von Speisefetts\u00e4uren; Dextrose, Glukosesirup, Verdickungsmittel: Guarkernmehl; Aroma), Sonnenblumen\u00f6l, H\u00dcHNERVOLLEI, pflanzliches \u00d6l (Raps- und Sonnenblumen\u00f6l in ver\u00e4nderlichen Gewichtsanteilen), H\u00dcHNEREIGELB, Persipan (Marillenkerne, Zucker, Wasser, Invertzuckersirup, Kartoffelst\u00e4rke), Aroma, Backhefe, BUTTERREINFETT, Fruchtzubereitung (Zucker, Marillenp\u00fcree, Wasser, Verdickungsmittel: Pektin; S\u00e4uerungsmittel: Zitronens\u00e4ure; Konservierungsstoff: Kaliumsorbat), Zucker, nat\u00fcrliches Aroma, Zimt (0,01%)<\/p>\n","protected":false},"featured_media":614,"template":"","meta":[],"product_cat":[44],"product_tag":[],"class_list":{"0":"post-613","1":"product","2":"type-product","3":"status-publish","4":"has-post-thumbnail","6":"product_cat-essen-und-trinken","8":"first","9":"instock","10":"taxable","11":"shipping-taxable","12":"purchasable","13":"product-type-simple"},"_links":{"self":[{"href":"https:\/\/actionmall.act.at\/shop\/1403\/wp-json\/wp\/v2\/product\/613"}],"collection":[{"href":"https:\/\/actionmall.act.at\/shop\/1403\/wp-json\/wp\/v2\/product"}],"about":[{"href":"https:\/\/actionmall.act.at\/shop\/1403\/wp-json\/wp\/v2\/types\/product"}],"wp:featuredmedia":[{"embeddable":true,"href":"https:\/\/actionmall.act.at\/shop\/1403\/wp-json\/wp\/v2\/media\/614"}],"wp:attachment":[{"href":"https:\/\/actionmall.act.at\/shop\/1403\/wp-json\/wp\/v2\/media?parent=613"}],"wp:term":[{"taxonomy":"product_cat","embeddable":true,"href":"https:\/\/actionmall.act.at\/shop\/1403\/wp-json\/wp\/v2\/product_cat?post=613"},{"taxonomy":"product_tag","embeddable":true,"href":"https:\/\/actionmall.act.at\/shop\/1403\/wp-json\/wp\/v2\/product_tag?post=613"}],"curies":[{"name":"wp","href":"https:\/\/api.w.org\/{rel}","templated":true}]}}