{"id":615,"date":"2026-04-28T13:32:25","date_gmt":"2026-04-28T11:32:25","guid":{"rendered":"https:\/\/actionmall.act.at\/shop\/1403\/?post_type=product&#038;p=615"},"modified":"2026-04-28T13:32:25","modified_gmt":"2026-04-28T11:32:25","slug":"topfenstrudel","status":"publish","type":"product","link":"https:\/\/actionmall.act.at\/shop\/1403\/produkt\/topfenstrudel\/","title":{"rendered":"Topfenstrudel"},"content":{"rendered":"<p>TOPFEN 20 % F.i.T (56,41%), Zucker, H\u00dcHNERVOLLEI, WEIZENMEHL, BUTTER, Rosinen, Wasser, Puddingpulver (Maisst\u00e4rke, Aroma, Rote R\u00fcben Pulver, Carthamus-Extrakt), pflanzliches \u00d6l (Raps- und Sonnenblumen\u00f6l in ver\u00e4nderlichen Gewichtsanteilen), Zitronensaft, jodiertes Speisesalz (Speisesalz, Kaliumjodid), Backmittel (WEIZENMEHL, Zucker, WEIZENKLEBER, WEIZENQUELLMEHL, WEIZENMALZMEHL, Malzextrakt (GERSTENMALZ, Wasser)), Curcuma<\/p>\n","protected":false},"excerpt":{"rendered":"<p>Wir machen unseren Topfenstrudel ganz nach althergebrachter Tradition. Zarter, hauchd\u00fcnner Strudelteig gef\u00fcllt mit reichlich saftigem Topfen und ein paar Rosinen. Mit diesem Klassiker liegen Sie immer richtig.<\/p>\n","protected":false},"featured_media":616,"template":"","meta":[],"product_cat":[44],"product_tag":[],"class_list":{"0":"post-615","1":"product","2":"type-product","3":"status-publish","4":"has-post-thumbnail","6":"product_cat-essen-und-trinken","8":"first","9":"instock","10":"taxable","11":"shipping-taxable","12":"purchasable","13":"product-type-simple"},"_links":{"self":[{"href":"https:\/\/actionmall.act.at\/shop\/1403\/wp-json\/wp\/v2\/product\/615"}],"collection":[{"href":"https:\/\/actionmall.act.at\/shop\/1403\/wp-json\/wp\/v2\/product"}],"about":[{"href":"https:\/\/actionmall.act.at\/shop\/1403\/wp-json\/wp\/v2\/types\/product"}],"wp:featuredmedia":[{"embeddable":true,"href":"https:\/\/actionmall.act.at\/shop\/1403\/wp-json\/wp\/v2\/media\/616"}],"wp:attachment":[{"href":"https:\/\/actionmall.act.at\/shop\/1403\/wp-json\/wp\/v2\/media?parent=615"}],"wp:term":[{"taxonomy":"product_cat","embeddable":true,"href":"https:\/\/actionmall.act.at\/shop\/1403\/wp-json\/wp\/v2\/product_cat?post=615"},{"taxonomy":"product_tag","embeddable":true,"href":"https:\/\/actionmall.act.at\/shop\/1403\/wp-json\/wp\/v2\/product_tag?post=615"}],"curies":[{"name":"wp","href":"https:\/\/api.w.org\/{rel}","templated":true}]}}