{"id":294,"date":"2024-11-28T14:57:07","date_gmt":"2024-11-28T13:57:07","guid":{"rendered":"https:\/\/actionmall.act.at\/shop\/1484\/?post_type=product&#038;p=294"},"modified":"2024-11-28T14:57:07","modified_gmt":"2024-11-28T13:57:07","slug":"lg-34uc98-w-curved-monitor","status":"publish","type":"product","link":"https:\/\/actionmall.act.at\/shop\/1484\/en\/produkt\/lg-34uc98-w-curved-monitor\/","title":{"rendered":"LG 34UC98-W Curved Monitor"},"content":{"rendered":"<p>Displaygr\u00f6\u00dfe: 86,4 cm (34,0&#8243;), Farbe:<\/p>\n<p>Schwarz\/Wei\u00df, Signaleingang: Thunderbolt,<\/p>\n<p>HDMI (digital), DisplayPort<\/p>\n<p>(digital), Physikalische Aufl\u00f6sung:<\/p>\n<p>3.440 x 1.440, Seitenverh\u00e4ltnis: 21:9<\/p>\n","protected":false},"excerpt":{"rendered":"<p>Displaygr\u00f6\u00dfe: 86,4 cm (34,0&#8243;), Farbe: Schwarz\/Wei\u00df, Signaleingang: Thunderbolt, HDMI (digital), DisplayPort (digital), Physikalische Aufl\u00f6sung: 3.440 x 1.440, Seitenverh\u00e4ltnis: 21:9<\/p>\n","protected":false},"featured_media":295,"template":"","meta":[],"product_cat":[],"product_tag":[],"class_list":{"0":"post-294","1":"product","2":"type-product","3":"status-publish","4":"has-post-thumbnail","7":"first","8":"instock","9":"taxable","10":"shipping-taxable","11":"purchasable","12":"product-type-simple"},"_links":{"self":[{"href":"https:\/\/actionmall.act.at\/shop\/1484\/en\/wp-json\/wp\/v2\/product\/294"}],"collection":[{"href":"https:\/\/actionmall.act.at\/shop\/1484\/en\/wp-json\/wp\/v2\/product"}],"about":[{"href":"https:\/\/actionmall.act.at\/shop\/1484\/en\/wp-json\/wp\/v2\/types\/product"}],"wp:featuredmedia":[{"embeddable":true,"href":"https:\/\/actionmall.act.at\/shop\/1484\/en\/wp-json\/wp\/v2\/media\/295"}],"wp:attachment":[{"href":"https:\/\/actionmall.act.at\/shop\/1484\/en\/wp-json\/wp\/v2\/media?parent=294"}],"wp:term":[{"taxonomy":"product_cat","embeddable":true,"href":"https:\/\/actionmall.act.at\/shop\/1484\/en\/wp-json\/wp\/v2\/product_cat?post=294"},{"taxonomy":"product_tag","embeddable":true,"href":"https:\/\/actionmall.act.at\/shop\/1484\/en\/wp-json\/wp\/v2\/product_tag?post=294"}],"curies":[{"name":"wp","href":"https:\/\/api.w.org\/{rel}","templated":true}]}}