{"id":300,"date":"2024-11-28T15:18:46","date_gmt":"2024-11-28T14:18:46","guid":{"rendered":"https:\/\/actionmall.act.at\/shop\/1484\/?post_type=product&#038;p=300"},"modified":"2024-11-28T15:18:58","modified_gmt":"2024-11-28T14:18:58","slug":"kyocera-mita-fs-c8020mfp-fax-kl3","status":"publish","type":"product","link":"https:\/\/actionmall.act.at\/shop\/1484\/en\/produkt\/kyocera-mita-fs-c8020mfp-fax-kl3\/","title":{"rendered":"Kyocera Mita FS-C8020MFP\/FAX\/KL3"},"content":{"rendered":"<p>Geringste Druckkosten seiner Klasse<\/p>\n<p>Bis zu 20 Seiten A4 pro Minute (Druck\/Kopie)<\/p>\n<p>Druck-, Kopier-, Scan- und optionale Fax-Funktion<\/p>\n<p>Integrierte Duplex-Funktionalit\u00e4t<\/p>\n<p>600 Blatt Papierkapazit\u00e4t, maximal 1.600 Blatt<\/p>\n<p>Optionaler Multi-Finisher<\/p>\n<p>Kompakte Gr\u00f6\u00dfe<\/p>\n<p>Geringer Stromverbrauch<\/p>\n<p>Niedriges Ger\u00e4uschniveau<\/p>\n","protected":false},"excerpt":{"rendered":"<p>Geringste Druckkosten seiner Klasse Bis zu 20 Seiten A4 pro Minute (Druck\/Kopie) Druck-, Kopier-, Scan- und optionale Fax-Funktion Integrierte Duplex-Funktionalit\u00e4t 600 Blatt Papierkapazit\u00e4t, maximal 1.600 Blatt Optionaler Multi-Finisher Kompakte Gr\u00f6\u00dfe Geringer Stromverbrauch Niedriges Ger\u00e4uschniveau<\/p>\n","protected":false},"featured_media":301,"template":"","meta":[],"product_cat":[],"product_tag":[],"class_list":{"0":"post-300","1":"product","2":"type-product","3":"status-publish","4":"has-post-thumbnail","7":"first","8":"instock","9":"taxable","10":"shipping-taxable","11":"purchasable","12":"product-type-simple"},"_links":{"self":[{"href":"https:\/\/actionmall.act.at\/shop\/1484\/en\/wp-json\/wp\/v2\/product\/300"}],"collection":[{"href":"https:\/\/actionmall.act.at\/shop\/1484\/en\/wp-json\/wp\/v2\/product"}],"about":[{"href":"https:\/\/actionmall.act.at\/shop\/1484\/en\/wp-json\/wp\/v2\/types\/product"}],"wp:featuredmedia":[{"embeddable":true,"href":"https:\/\/actionmall.act.at\/shop\/1484\/en\/wp-json\/wp\/v2\/media\/301"}],"wp:attachment":[{"href":"https:\/\/actionmall.act.at\/shop\/1484\/en\/wp-json\/wp\/v2\/media?parent=300"}],"wp:term":[{"taxonomy":"product_cat","embeddable":true,"href":"https:\/\/actionmall.act.at\/shop\/1484\/en\/wp-json\/wp\/v2\/product_cat?post=300"},{"taxonomy":"product_tag","embeddable":true,"href":"https:\/\/actionmall.act.at\/shop\/1484\/en\/wp-json\/wp\/v2\/product_tag?post=300"}],"curies":[{"name":"wp","href":"https:\/\/api.w.org\/{rel}","templated":true}]}}