{"id":367,"date":"2024-12-05T15:39:15","date_gmt":"2024-12-05T14:39:15","guid":{"rendered":"https:\/\/actionmall.act.at\/shop\/1484\/?post_type=product&#038;p=367"},"modified":"2024-12-05T15:39:15","modified_gmt":"2024-12-05T14:39:15","slug":"casio-10-stelliger-taschenrechner","status":"publish","type":"product","link":"https:\/\/actionmall.act.at\/shop\/1484\/en\/produkt\/casio-10-stelliger-taschenrechner\/","title":{"rendered":"CASIO 10-stelliger Taschenrechner"},"content":{"rendered":"<p>Der <strong>CASIO 10-stellige Taschenrechner<\/strong> ist das perfekte Tool f\u00fcr pr\u00e4zises Rechnen und eine hohe Benutzerfreundlichkeit. Mit seinem klar strukturierten Design und den \u00fcbersichtlichen Tasten eignet sich dieser Taschenrechner ideal f\u00fcr den t\u00e4glichen Einsatz in Schule, Studium oder Beruf.<\/p>\n<p>Die 10-stellige Anzeige erm\u00f6glicht das komfortable Arbeiten mit gro\u00dfen Zahlen und langen Berechnungen, w\u00e4hrend die gut ablesbare LCD-Anzeige auch unter unterschiedlichen Lichtverh\u00e4ltnissen klare Ergebnisse liefert. Der CASIO Taschenrechner unterst\u00fctzt eine Vielzahl von Funktionen, darunter Grundrechenarten, Prozentberechnungen und mathematische Operationen, die ihn zu einem zuverl\u00e4ssigen Begleiter bei allen rechenintensiven Aufgaben machen.<\/p>\n<p>Dank seiner kompakten Gr\u00f6\u00dfe und der benutzerfreundlichen Bedienung ist der Taschenrechner auch ideal f\u00fcr unterwegs und l\u00e4sst sich problemlos in jeder Tasche verstauen. Zudem zeichnet er sich durch eine lange Batterielaufzeit aus, sodass er stets einsatzbereit ist, wann immer Sie ihn ben\u00f6tigen.<\/p>\n<p>Egal ob f\u00fcr einfache Berechnungen oder komplexere mathematische Aufgaben \u2013 der <strong>CASIO 10-stellige Taschenrechner<\/strong> ist ein praktisches und langlebiges Werkzeug, das Ihnen zuverl\u00e4ssige Ergebnisse liefert.<\/p>\n","protected":false},"excerpt":{"rendered":"<p>Der CASIO 10-stellige Taschenrechner ist das perfekte Tool f\u00fcr pr\u00e4zises Rechnen und eine hohe Benutzerfreundlichkeit. Mit seinem klar strukturierten Design und den \u00fcbersichtlichen Tasten eignet sich dieser Taschenrechner ideal f\u00fcr den t\u00e4glichen Einsatz in Schule, Studium oder Beruf. Die 10-stellige Anzeige erm\u00f6glicht das komfortable Arbeiten mit gro\u00dfen Zahlen und langen Berechnungen, w\u00e4hrend die gut ablesbare [&hellip;]<\/p>\n","protected":false},"featured_media":368,"template":"","meta":[],"product_cat":[],"product_tag":[],"class_list":{"0":"post-367","1":"product","2":"type-product","3":"status-publish","4":"has-post-thumbnail","7":"first","8":"instock","9":"taxable","10":"shipping-taxable","11":"purchasable","12":"product-type-simple"},"_links":{"self":[{"href":"https:\/\/actionmall.act.at\/shop\/1484\/en\/wp-json\/wp\/v2\/product\/367"}],"collection":[{"href":"https:\/\/actionmall.act.at\/shop\/1484\/en\/wp-json\/wp\/v2\/product"}],"about":[{"href":"https:\/\/actionmall.act.at\/shop\/1484\/en\/wp-json\/wp\/v2\/types\/product"}],"wp:featuredmedia":[{"embeddable":true,"href":"https:\/\/actionmall.act.at\/shop\/1484\/en\/wp-json\/wp\/v2\/media\/368"}],"wp:attachment":[{"href":"https:\/\/actionmall.act.at\/shop\/1484\/en\/wp-json\/wp\/v2\/media?parent=367"}],"wp:term":[{"taxonomy":"product_cat","embeddable":true,"href":"https:\/\/actionmall.act.at\/shop\/1484\/en\/wp-json\/wp\/v2\/product_cat?post=367"},{"taxonomy":"product_tag","embeddable":true,"href":"https:\/\/actionmall.act.at\/shop\/1484\/en\/wp-json\/wp\/v2\/product_tag?post=367"}],"curies":[{"name":"wp","href":"https:\/\/api.w.org\/{rel}","templated":true}]}}