{"id":487,"date":"2025-05-15T15:15:33","date_gmt":"2025-05-15T13:15:33","guid":{"rendered":"https:\/\/actionmall.act.at\/shop\/1484\/?post_type=product&#038;p=487"},"modified":"2025-05-15T15:15:33","modified_gmt":"2025-05-15T13:15:33","slug":"buerostuhl-inova-2-0","status":"publish","type":"product","link":"https:\/\/actionmall.act.at\/shop\/1484\/en\/produkt\/buerostuhl-inova-2-0\/","title":{"rendered":"B\u00fcrostuhl Inova 2.0"},"content":{"rendered":"<p>Dieser ergonomische B\u00fcrostuhl kombiniert modernen Komfort mit praktischer Funktionalit\u00e4t.<\/p>\n<p>Eine seitlich integrierte Akku-Einheit mit USB-Anschluss erm\u00f6glicht das Laden von Ger\u00e4ten direkt am Stuhl.<\/p>\n<p>Zus\u00e4tzlich sorgt ein Flaschenhalter an der Armlehne f\u00fcr schnellen Zugriff auf Getr\u00e4nke<\/p>\n","protected":false},"excerpt":{"rendered":"<p>Dieser ergonomische B\u00fcrostuhl kombiniert modernen Komfort mit praktischer Funktionalit\u00e4t. Eine seitlich integrierte Akku-Einheit mit USB-Anschluss erm\u00f6glicht das Laden von Ger\u00e4ten direkt am Stuhl. Zus\u00e4tzlich sorgt ein Flaschenhalter an der Armlehne f\u00fcr schnellen Zugriff auf Getr\u00e4nke<\/p>\n","protected":false},"featured_media":488,"template":"","meta":[],"product_cat":[],"product_tag":[],"class_list":{"0":"post-487","1":"product","2":"type-product","3":"status-publish","4":"has-post-thumbnail","7":"first","8":"instock","9":"taxable","10":"shipping-taxable","11":"purchasable","12":"product-type-simple"},"_links":{"self":[{"href":"https:\/\/actionmall.act.at\/shop\/1484\/en\/wp-json\/wp\/v2\/product\/487"}],"collection":[{"href":"https:\/\/actionmall.act.at\/shop\/1484\/en\/wp-json\/wp\/v2\/product"}],"about":[{"href":"https:\/\/actionmall.act.at\/shop\/1484\/en\/wp-json\/wp\/v2\/types\/product"}],"wp:featuredmedia":[{"embeddable":true,"href":"https:\/\/actionmall.act.at\/shop\/1484\/en\/wp-json\/wp\/v2\/media\/488"}],"wp:attachment":[{"href":"https:\/\/actionmall.act.at\/shop\/1484\/en\/wp-json\/wp\/v2\/media?parent=487"}],"wp:term":[{"taxonomy":"product_cat","embeddable":true,"href":"https:\/\/actionmall.act.at\/shop\/1484\/en\/wp-json\/wp\/v2\/product_cat?post=487"},{"taxonomy":"product_tag","embeddable":true,"href":"https:\/\/actionmall.act.at\/shop\/1484\/en\/wp-json\/wp\/v2\/product_tag?post=487"}],"curies":[{"name":"wp","href":"https:\/\/api.w.org\/{rel}","templated":true}]}}