{"id":282,"date":"2024-11-28T14:42:41","date_gmt":"2024-11-28T13:42:41","guid":{"rendered":"https:\/\/actionmall.act.at\/shop\/1484\/?post_type=product&#038;p=282"},"modified":"2024-11-28T14:42:41","modified_gmt":"2024-11-28T13:42:41","slug":"mff-holz-wanduhr","status":"publish","type":"product","link":"https:\/\/actionmall.act.at\/shop\/1484\/produkt\/mff-holz-wanduhr\/","title":{"rendered":"MFF Holz Wanduhr"},"content":{"rendered":"<p>Handgefertigt<\/p>\n<p>Materialien: Moss, Eisenrahmen, Olivenbaum<\/p>\n<p>Treffen Sie die Moos Wanduhren, die unseren Olivenholzuhren einen neuen Look verleihen. Jedes ist ein Unikat\u00a0\u00a0\u00a0und individuell in der gew\u00fcnschten Gr\u00f6\u00dfe hergestellt.<\/p>\n<p>Unsere Uhren sind pflegefrei und mit einem Insektenschutz \u00fcberzogen.<\/p>\n<p>Es ist 100% naturbelassen und lebt.<\/p>\n","protected":false},"excerpt":{"rendered":"<p>Handgefertigt Materialien: Moss, Eisenrahmen, Olivenbaum Treffen Sie die Moos Wanduhren, die unseren Olivenholzuhren einen neuen Look verleihen. Jedes ist ein Unikat\u00a0\u00a0\u00a0und individuell in der gew\u00fcnschten Gr\u00f6\u00dfe hergestellt. Unsere Uhren sind pflegefrei und mit einem Insektenschutz \u00fcberzogen. Es ist 100% naturbelassen und lebt.<\/p>\n","protected":false},"featured_media":283,"template":"","meta":[],"product_cat":[],"product_tag":[],"class_list":{"0":"post-282","1":"product","2":"type-product","3":"status-publish","4":"has-post-thumbnail","7":"first","8":"instock","9":"taxable","10":"shipping-taxable","11":"purchasable","12":"product-type-simple"},"_links":{"self":[{"href":"https:\/\/actionmall.act.at\/shop\/1484\/wp-json\/wp\/v2\/product\/282"}],"collection":[{"href":"https:\/\/actionmall.act.at\/shop\/1484\/wp-json\/wp\/v2\/product"}],"about":[{"href":"https:\/\/actionmall.act.at\/shop\/1484\/wp-json\/wp\/v2\/types\/product"}],"wp:featuredmedia":[{"embeddable":true,"href":"https:\/\/actionmall.act.at\/shop\/1484\/wp-json\/wp\/v2\/media\/283"}],"wp:attachment":[{"href":"https:\/\/actionmall.act.at\/shop\/1484\/wp-json\/wp\/v2\/media?parent=282"}],"wp:term":[{"taxonomy":"product_cat","embeddable":true,"href":"https:\/\/actionmall.act.at\/shop\/1484\/wp-json\/wp\/v2\/product_cat?post=282"},{"taxonomy":"product_tag","embeddable":true,"href":"https:\/\/actionmall.act.at\/shop\/1484\/wp-json\/wp\/v2\/product_tag?post=282"}],"curies":[{"name":"wp","href":"https:\/\/api.w.org\/{rel}","templated":true}]}}