{"id":404,"date":"2024-12-12T14:16:39","date_gmt":"2024-12-12T13:16:39","guid":{"rendered":"https:\/\/actionmall.act.at\/shop\/1484\/?post_type=product&#038;p=404"},"modified":"2024-12-12T14:16:39","modified_gmt":"2024-12-12T13:16:39","slug":"arbeitshocker-woltu","status":"publish","type":"product","link":"https:\/\/actionmall.act.at\/shop\/1484\/produkt\/arbeitshocker-woltu\/","title":{"rendered":"Arbeitshocker WOLTU"},"content":{"rendered":"<p>B\u00fcrostuhl Schreibtischstuhl<\/p>\n<p>Rollhocker B\u00fcrohocker Drehhocker mit Armlehne, stufenlos h\u00f6henverstellbar, Leinen<\/p>\n","protected":false},"excerpt":{"rendered":"<p>B\u00fcrostuhl Schreibtischstuhl Rollhocker B\u00fcrohocker Drehhocker mit Armlehne, stufenlos h\u00f6henverstellbar, Leinen<\/p>\n","protected":false},"featured_media":405,"template":"","meta":[],"product_cat":[],"product_tag":[],"class_list":{"0":"post-404","1":"product","2":"type-product","3":"status-publish","4":"has-post-thumbnail","7":"first","8":"instock","9":"taxable","10":"shipping-taxable","11":"purchasable","12":"product-type-simple"},"_links":{"self":[{"href":"https:\/\/actionmall.act.at\/shop\/1484\/wp-json\/wp\/v2\/product\/404"}],"collection":[{"href":"https:\/\/actionmall.act.at\/shop\/1484\/wp-json\/wp\/v2\/product"}],"about":[{"href":"https:\/\/actionmall.act.at\/shop\/1484\/wp-json\/wp\/v2\/types\/product"}],"wp:featuredmedia":[{"embeddable":true,"href":"https:\/\/actionmall.act.at\/shop\/1484\/wp-json\/wp\/v2\/media\/405"}],"wp:attachment":[{"href":"https:\/\/actionmall.act.at\/shop\/1484\/wp-json\/wp\/v2\/media?parent=404"}],"wp:term":[{"taxonomy":"product_cat","embeddable":true,"href":"https:\/\/actionmall.act.at\/shop\/1484\/wp-json\/wp\/v2\/product_cat?post=404"},{"taxonomy":"product_tag","embeddable":true,"href":"https:\/\/actionmall.act.at\/shop\/1484\/wp-json\/wp\/v2\/product_tag?post=404"}],"curies":[{"name":"wp","href":"https:\/\/api.w.org\/{rel}","templated":true}]}}