{"id":582,"date":"2025-02-21T10:12:56","date_gmt":"2025-02-21T09:12:56","guid":{"rendered":"https:\/\/actionmall.act.at\/shop\/1502\/?post_type=product&#038;p=582"},"modified":"2025-02-21T10:12:56","modified_gmt":"2025-02-21T09:12:56","slug":"ccm-jetspeed-ft6-pro","status":"publish","type":"product","link":"https:\/\/actionmall.act.at\/shop\/1502\/en\/produkt\/ccm-jetspeed-ft6-pro\/","title":{"rendered":"CCM Jetspeed  FT6 Pro"},"content":{"rendered":"<p>Der neue und verbesserte einteilige Eisschuh SPEED steht ganz im Zeichen von Leistung und Beschleunigung und verf\u00fcgt jetzt \u00fcber Game Ready Fit f\u00fcr die ultimative anatomische Verbindung zwischen Ihrem Fu\u00df und Ihrem Skate, um Komfort und Kraft\u00fcbertragung zu maximieren. Die ADPT Comfort Zunge verf\u00fcgt \u00fcber die FlexMotion-Schn\u00fcrsenkel-Technologie, um Ihre Vorw\u00e4rtsbeugung zu verbessern, und die Metatomic Tritech-Konstruktion f\u00fcr optimale Passform und Komfort. Ausgestattet mit erstklassigem STEP Blacksteel sind diese Kufen mit Carbon beschichtet, um eine bessere Lebensdauer der Kanten und eine ph\u00e4nomenale Gleitf\u00e4higkeit zu gew\u00e4hrleisten, damit du schneller als je zuvor skatest.<\/p>\n","protected":false},"excerpt":{"rendered":"<p>Der neue und verbesserte einteilige Eisschuh SPEED steht ganz im Zeichen von Leistung und Beschleunigung und verf\u00fcgt jetzt \u00fcber Game Ready Fit f\u00fcr die ultimative anatomische Verbindung zwischen Ihrem Fu\u00df und Ihrem Skate, um Komfort und Kraft\u00fcbertragung zu maximieren. Die ADPT Comfort Zunge verf\u00fcgt \u00fcber die FlexMotion-Schn\u00fcrsenkel-Technologie, um Ihre Vorw\u00e4rtsbeugung zu verbessern, und die Metatomic [&hellip;]<\/p>\n","protected":false},"featured_media":583,"template":"","meta":[],"product_cat":[],"product_tag":[],"class_list":{"0":"post-582","1":"product","2":"type-product","3":"status-publish","4":"has-post-thumbnail","7":"first","8":"instock","9":"taxable","10":"shipping-taxable","11":"purchasable","12":"product-type-simple"},"_links":{"self":[{"href":"https:\/\/actionmall.act.at\/shop\/1502\/en\/wp-json\/wp\/v2\/product\/582"}],"collection":[{"href":"https:\/\/actionmall.act.at\/shop\/1502\/en\/wp-json\/wp\/v2\/product"}],"about":[{"href":"https:\/\/actionmall.act.at\/shop\/1502\/en\/wp-json\/wp\/v2\/types\/product"}],"wp:featuredmedia":[{"embeddable":true,"href":"https:\/\/actionmall.act.at\/shop\/1502\/en\/wp-json\/wp\/v2\/media\/583"}],"wp:attachment":[{"href":"https:\/\/actionmall.act.at\/shop\/1502\/en\/wp-json\/wp\/v2\/media?parent=582"}],"wp:term":[{"taxonomy":"product_cat","embeddable":true,"href":"https:\/\/actionmall.act.at\/shop\/1502\/en\/wp-json\/wp\/v2\/product_cat?post=582"},{"taxonomy":"product_tag","embeddable":true,"href":"https:\/\/actionmall.act.at\/shop\/1502\/en\/wp-json\/wp\/v2\/product_tag?post=582"}],"curies":[{"name":"wp","href":"https:\/\/api.w.org\/{rel}","templated":true}]}}