{"id":608,"date":"2025-02-28T10:46:40","date_gmt":"2025-02-28T09:46:40","guid":{"rendered":"https:\/\/actionmall.act.at\/shop\/1502\/?post_type=product&#038;p=608"},"modified":"2025-02-28T10:46:40","modified_gmt":"2025-02-28T09:46:40","slug":"adidas-f50-fast-reborn","status":"publish","type":"product","link":"https:\/\/actionmall.act.at\/shop\/1502\/en\/produkt\/adidas-f50-fast-reborn\/","title":{"rendered":"ADIDAS F50 Fast Reborn"},"content":{"rendered":"<p>Burrito-Zunge<br \/>\nbequemere Passform als Vorg\u00e4nger-Modell<br \/>\nSpeedframe 360 Au\u00dfensohle f\u00fcr hervorragenden Grip<br \/>\nflexibles HybridTouch Obermaterial<\/p>\n","protected":false},"excerpt":{"rendered":"<p>Burrito-Zunge bequemere Passform als Vorg\u00e4nger-Modell Speedframe 360 Au\u00dfensohle f\u00fcr hervorragenden Grip flexibles HybridTouch Obermaterial<\/p>\n","protected":false},"featured_media":609,"template":"","meta":[],"product_cat":[],"product_tag":[],"class_list":{"0":"post-608","1":"product","2":"type-product","3":"status-publish","4":"has-post-thumbnail","7":"first","8":"instock","9":"taxable","10":"shipping-taxable","11":"purchasable","12":"product-type-simple"},"_links":{"self":[{"href":"https:\/\/actionmall.act.at\/shop\/1502\/en\/wp-json\/wp\/v2\/product\/608"}],"collection":[{"href":"https:\/\/actionmall.act.at\/shop\/1502\/en\/wp-json\/wp\/v2\/product"}],"about":[{"href":"https:\/\/actionmall.act.at\/shop\/1502\/en\/wp-json\/wp\/v2\/types\/product"}],"wp:featuredmedia":[{"embeddable":true,"href":"https:\/\/actionmall.act.at\/shop\/1502\/en\/wp-json\/wp\/v2\/media\/609"}],"wp:attachment":[{"href":"https:\/\/actionmall.act.at\/shop\/1502\/en\/wp-json\/wp\/v2\/media?parent=608"}],"wp:term":[{"taxonomy":"product_cat","embeddable":true,"href":"https:\/\/actionmall.act.at\/shop\/1502\/en\/wp-json\/wp\/v2\/product_cat?post=608"},{"taxonomy":"product_tag","embeddable":true,"href":"https:\/\/actionmall.act.at\/shop\/1502\/en\/wp-json\/wp\/v2\/product_tag?post=608"}],"curies":[{"name":"wp","href":"https:\/\/api.w.org\/{rel}","templated":true}]}}