{"id":558,"date":"2025-01-31T10:54:53","date_gmt":"2025-01-31T09:54:53","guid":{"rendered":"https:\/\/actionmall.act.at\/shop\/1502\/?post_type=product&#038;p=558"},"modified":"2025-01-31T10:54:53","modified_gmt":"2025-01-31T09:54:53","slug":"originales-matthews-trikot","status":"publish","type":"product","link":"https:\/\/actionmall.act.at\/shop\/1502\/produkt\/originales-matthews-trikot\/","title":{"rendered":"Originales Matthews Trikot"},"content":{"rendered":"<p>FanFit: Eine ma\u00dfgeschneiderte Passform, die mehr Komfort um den Oberk\u00f6rper und die Arme bietet<br \/>\nFanFlex: Revolution\u00e4re Bes\u00e4tze, die faltbar, leicht und maschinenwaschbar sind<br \/>\nFanShield: Feuchtigkeitsmanagement-Technologie h\u00e4lt Sie k\u00fchl, trocken und komfortabel<br \/>\nMesh-Gewebe sorgt f\u00fcr ein atmungsaktives Tragegef\u00fchl<br \/>\nDer abgerundete, verl\u00e4ngerte Saum bietet Schutz f\u00fcr eine bequemere Passform<br \/>\nGestickter Aufn\u00e4her mit Teamlogo<br \/>\nHei\u00dfversiegeltes Typenschild und Nummern<br \/>\nIn \u00c4rmeln und Seitenn\u00e4hten eingen\u00e4hte Kontraststreifen<br \/>\nKragenstoffeinsatz mit hei\u00dfversiegeltem NHL-Schild<br \/>\nGewebter Jock-Tag \u00fcber dem linken Saum<br \/>\nNackenband<br \/>\nMaterial: 100% Polyester<br \/>\nLangarm<br \/>\nMaschinenw\u00e4sche, bei niedriger Temperatur im Trockner trocknen<br \/>\nTrikot-Farbstil: Abwechselnd<br \/>\nFanTex: Mittelschweres Performance-Gewebe mit optimalem Fall und Bewegungsfreiheit<br \/>\nOffiziell lizenziert<br \/>\nFanatiker brechen aus<\/p>\n","protected":false},"excerpt":{"rendered":"<p>FanFit: Eine ma\u00dfgeschneiderte Passform, die mehr Komfort um den Oberk\u00f6rper und die Arme bietet FanFlex: Revolution\u00e4re Bes\u00e4tze, die faltbar, leicht und maschinenwaschbar sind FanShield: Feuchtigkeitsmanagement-Technologie h\u00e4lt Sie k\u00fchl, trocken und komfortabel Mesh-Gewebe sorgt f\u00fcr ein atmungsaktives Tragegef\u00fchl Der abgerundete, verl\u00e4ngerte Saum bietet Schutz f\u00fcr eine bequemere Passform Gestickter Aufn\u00e4her mit Teamlogo Hei\u00dfversiegeltes Typenschild und Nummern [&hellip;]<\/p>\n","protected":false},"featured_media":559,"template":"","meta":[],"product_cat":[],"product_tag":[],"class_list":{"0":"post-558","1":"product","2":"type-product","3":"status-publish","4":"has-post-thumbnail","7":"first","8":"instock","9":"sale","10":"taxable","11":"shipping-taxable","12":"purchasable","13":"product-type-simple"},"_links":{"self":[{"href":"https:\/\/actionmall.act.at\/shop\/1502\/wp-json\/wp\/v2\/product\/558"}],"collection":[{"href":"https:\/\/actionmall.act.at\/shop\/1502\/wp-json\/wp\/v2\/product"}],"about":[{"href":"https:\/\/actionmall.act.at\/shop\/1502\/wp-json\/wp\/v2\/types\/product"}],"wp:featuredmedia":[{"embeddable":true,"href":"https:\/\/actionmall.act.at\/shop\/1502\/wp-json\/wp\/v2\/media\/559"}],"wp:attachment":[{"href":"https:\/\/actionmall.act.at\/shop\/1502\/wp-json\/wp\/v2\/media?parent=558"}],"wp:term":[{"taxonomy":"product_cat","embeddable":true,"href":"https:\/\/actionmall.act.at\/shop\/1502\/wp-json\/wp\/v2\/product_cat?post=558"},{"taxonomy":"product_tag","embeddable":true,"href":"https:\/\/actionmall.act.at\/shop\/1502\/wp-json\/wp\/v2\/product_tag?post=558"}],"curies":[{"name":"wp","href":"https:\/\/api.w.org\/{rel}","templated":true}]}}