{"id":614,"date":"2025-03-07T10:36:38","date_gmt":"2025-03-07T09:36:38","guid":{"rendered":"https:\/\/actionmall.act.at\/shop\/1502\/?post_type=product&#038;p=614"},"modified":"2025-03-07T10:36:38","modified_gmt":"2025-03-07T09:36:38","slug":"jogginghose-ccm-team-fleece-cuffed","status":"publish","type":"product","link":"https:\/\/actionmall.act.at\/shop\/1502\/produkt\/jogginghose-ccm-team-fleece-cuffed\/","title":{"rendered":"Jogginghose CCM Team Fleece Cuffed"},"content":{"rendered":"<p>Inside<br \/>\nDiese Jogginghose mit B\u00fcndchen wurde zum Chillen entwickelt und verf\u00fcgt \u00fcber offene Seitentaschen, eine Au\u00dfenseite aus dem gleichen Stoff und einen inneren elastischen Bund aus CCM-Jacquard mit Kordelzug.<\/p>\n<p>Logo<br \/>\nCCM-Stickerei<\/p>\n<p>Inhalt<br \/>\nEinfarbig 70 % Baumwolle \/ 30 % Polyester<\/p>\n","protected":false},"excerpt":{"rendered":"<p>Inside Diese Jogginghose mit B\u00fcndchen wurde zum Chillen entwickelt und verf\u00fcgt \u00fcber offene Seitentaschen, eine Au\u00dfenseite aus dem gleichen Stoff und einen inneren elastischen Bund aus CCM-Jacquard mit Kordelzug. Logo CCM-Stickerei Inhalt Einfarbig 70 % Baumwolle \/ 30 % Polyester<\/p>\n","protected":false},"featured_media":615,"template":"","meta":[],"product_cat":[],"product_tag":[],"class_list":{"0":"post-614","1":"product","2":"type-product","3":"status-publish","4":"has-post-thumbnail","7":"first","8":"instock","9":"sale","10":"taxable","11":"shipping-taxable","12":"purchasable","13":"product-type-simple"},"_links":{"self":[{"href":"https:\/\/actionmall.act.at\/shop\/1502\/wp-json\/wp\/v2\/product\/614"}],"collection":[{"href":"https:\/\/actionmall.act.at\/shop\/1502\/wp-json\/wp\/v2\/product"}],"about":[{"href":"https:\/\/actionmall.act.at\/shop\/1502\/wp-json\/wp\/v2\/types\/product"}],"wp:featuredmedia":[{"embeddable":true,"href":"https:\/\/actionmall.act.at\/shop\/1502\/wp-json\/wp\/v2\/media\/615"}],"wp:attachment":[{"href":"https:\/\/actionmall.act.at\/shop\/1502\/wp-json\/wp\/v2\/media?parent=614"}],"wp:term":[{"taxonomy":"product_cat","embeddable":true,"href":"https:\/\/actionmall.act.at\/shop\/1502\/wp-json\/wp\/v2\/product_cat?post=614"},{"taxonomy":"product_tag","embeddable":true,"href":"https:\/\/actionmall.act.at\/shop\/1502\/wp-json\/wp\/v2\/product_tag?post=614"}],"curies":[{"name":"wp","href":"https:\/\/api.w.org\/{rel}","templated":true}]}}