{"id":898,"date":"2026-03-25T12:24:41","date_gmt":"2026-03-25T11:24:41","guid":{"rendered":"https:\/\/actionmall.act.at\/shop\/1502\/?post_type=product&#038;p=898"},"modified":"2026-03-25T12:24:47","modified_gmt":"2026-03-25T11:24:47","slug":"urdar-turnschuh","status":"publish","type":"product","link":"https:\/\/actionmall.act.at\/shop\/1502\/produkt\/urdar-turnschuh\/","title":{"rendered":"Urdar Turnschuh"},"content":{"rendered":"<p>Der RunFlex Pro ist ein moderner Sportschuh f\u00fcr alle, die Wert auf Komfort, Stabilit\u00e4t und Leistung legen. Die innovative D\u00e4mpfung sorgt f\u00fcr ein angenehmes Laufgef\u00fchl und unterst\u00fctzt Sie bei jeder Bewegung \u2013 egal ob beim Training oder im Alltag.<\/p>\n","protected":false},"excerpt":{"rendered":"<p>Der RunFlex Pro ist ein moderner Sportschuh f\u00fcr alle, die Wert auf Komfort, Stabilit\u00e4t und Leistung legen. Die innovative D\u00e4mpfung sorgt f\u00fcr ein angenehmes Laufgef\u00fchl und unterst\u00fctzt Sie bei jeder Bewegung \u2013 egal ob beim Training oder im Alltag.<\/p>\n","protected":false},"featured_media":899,"template":"","meta":[],"product_cat":[34],"product_tag":[],"class_list":{"0":"post-898","1":"product","2":"type-product","3":"status-publish","4":"has-post-thumbnail","6":"product_cat-autos-und-fahrzeuge","8":"first","9":"instock","10":"sale","11":"taxable","12":"shipping-taxable","13":"purchasable","14":"product-type-simple"},"_links":{"self":[{"href":"https:\/\/actionmall.act.at\/shop\/1502\/wp-json\/wp\/v2\/product\/898"}],"collection":[{"href":"https:\/\/actionmall.act.at\/shop\/1502\/wp-json\/wp\/v2\/product"}],"about":[{"href":"https:\/\/actionmall.act.at\/shop\/1502\/wp-json\/wp\/v2\/types\/product"}],"wp:featuredmedia":[{"embeddable":true,"href":"https:\/\/actionmall.act.at\/shop\/1502\/wp-json\/wp\/v2\/media\/899"}],"wp:attachment":[{"href":"https:\/\/actionmall.act.at\/shop\/1502\/wp-json\/wp\/v2\/media?parent=898"}],"wp:term":[{"taxonomy":"product_cat","embeddable":true,"href":"https:\/\/actionmall.act.at\/shop\/1502\/wp-json\/wp\/v2\/product_cat?post=898"},{"taxonomy":"product_tag","embeddable":true,"href":"https:\/\/actionmall.act.at\/shop\/1502\/wp-json\/wp\/v2\/product_tag?post=898"}],"curies":[{"name":"wp","href":"https:\/\/api.w.org\/{rel}","templated":true}]}}