{"id":902,"date":"2026-04-08T10:50:14","date_gmt":"2026-04-08T08:50:14","guid":{"rendered":"https:\/\/actionmall.act.at\/shop\/1502\/?post_type=product&#038;p=902"},"modified":"2026-04-08T10:53:42","modified_gmt":"2026-04-08T08:53:42","slug":"carver-gravel-220-1by-28-zoll-diamant","status":"publish","type":"product","link":"https:\/\/actionmall.act.at\/shop\/1502\/produkt\/carver-gravel-220-1by-28-zoll-diamant\/","title":{"rendered":"Carver Gravel 220 1by &#8211; 28 Zoll &#8211; Diamant"},"content":{"rendered":"<p>Das Carver Gravel 220 1by &#8211; 28 Zoll &#8211; Diamant Rennrad ist aktuell einer der Bestseller unter den Rennr\u00e4dern und bei uns erhalten Sie dieses im Angebot.<br \/>\nEs ist ein Rennrad mit einer sehr hochwertigen Qualit\u00e4t und ist bei uns im Online Shop unter der Artikel-Nr. 1272 verf\u00fcgbar.<\/p>\n","protected":false},"excerpt":{"rendered":"<p>Das Carver Gravel 220 1by &#8211; 28 Zoll &#8211; Diamant Rennrad ist aktuell einer der Bestseller unter den Rennr\u00e4dern und bei uns erhalten Sie dieses im Angebot. Es ist ein Rennrad mit einer sehr hochwertigen Qualit\u00e4t und ist bei uns im Online Shop unter der Artikel-Nr. 1272 verf\u00fcgbar.<\/p>\n","protected":false},"featured_media":903,"template":"","meta":[],"product_cat":[43,45],"product_tag":[],"class_list":{"0":"post-902","1":"product","2":"type-product","3":"status-publish","4":"has-post-thumbnail","6":"product_cat-unterhaltung-freizeit-und-kultur","7":"product_cat-sport-veranstaltungen-hobbies","9":"first","10":"instock","11":"sale","12":"taxable","13":"shipping-taxable","14":"purchasable","15":"product-type-simple"},"_links":{"self":[{"href":"https:\/\/actionmall.act.at\/shop\/1502\/wp-json\/wp\/v2\/product\/902"}],"collection":[{"href":"https:\/\/actionmall.act.at\/shop\/1502\/wp-json\/wp\/v2\/product"}],"about":[{"href":"https:\/\/actionmall.act.at\/shop\/1502\/wp-json\/wp\/v2\/types\/product"}],"wp:featuredmedia":[{"embeddable":true,"href":"https:\/\/actionmall.act.at\/shop\/1502\/wp-json\/wp\/v2\/media\/903"}],"wp:attachment":[{"href":"https:\/\/actionmall.act.at\/shop\/1502\/wp-json\/wp\/v2\/media?parent=902"}],"wp:term":[{"taxonomy":"product_cat","embeddable":true,"href":"https:\/\/actionmall.act.at\/shop\/1502\/wp-json\/wp\/v2\/product_cat?post=902"},{"taxonomy":"product_tag","embeddable":true,"href":"https:\/\/actionmall.act.at\/shop\/1502\/wp-json\/wp\/v2\/product_tag?post=902"}],"curies":[{"name":"wp","href":"https:\/\/api.w.org\/{rel}","templated":true}]}}