{"id":920,"date":"2026-04-15T10:42:32","date_gmt":"2026-04-15T08:42:32","guid":{"rendered":"https:\/\/actionmall.act.at\/shop\/1502\/?post_type=product&#038;p=920"},"modified":"2026-04-15T10:45:05","modified_gmt":"2026-04-15T08:45:05","slug":"nike-pegasus-plus-road-running-shoes","status":"publish","type":"product","link":"https:\/\/actionmall.act.at\/shop\/1502\/produkt\/nike-pegasus-plus-road-running-shoes\/","title":{"rendered":"NIKE-Pegasus Plus Road Running Shoes"},"content":{"rendered":"<p>Mit dem Kauf von diesem Schuh kann ich Ihnen Qualit\u00e4t pur garantieren. Der Schuh ist mit einer sehr weichen Innensole ausgestattet es f\u00fchlt sich so an als w\u00fcrden Sie in Ihrem Bett laufen gehen. Der Schuh ist au\u00dferdem f\u00fcr seine Leichtigkeit ein perfekten Laufschuh f\u00fcr jeden L\u00e4ufer bzw. jede L\u00e4uferin. Aktuell ist der Schuh im Angebot ich kann Ihnen nur eines nahe legen. Jetzt zuschlagen und durchstarten!<\/p>\n","protected":false},"excerpt":{"rendered":"<p>Zuschlagen und durchstarten mit Qualit\u00e4t pur als Laufschuh.<\/p>\n","protected":false},"featured_media":921,"template":"","meta":[],"product_cat":[45],"product_tag":[],"class_list":{"0":"post-920","1":"product","2":"type-product","3":"status-publish","4":"has-post-thumbnail","6":"product_cat-sport-veranstaltungen-hobbies","8":"first","9":"instock","10":"sale","11":"taxable","12":"shipping-taxable","13":"purchasable","14":"product-type-simple"},"_links":{"self":[{"href":"https:\/\/actionmall.act.at\/shop\/1502\/wp-json\/wp\/v2\/product\/920"}],"collection":[{"href":"https:\/\/actionmall.act.at\/shop\/1502\/wp-json\/wp\/v2\/product"}],"about":[{"href":"https:\/\/actionmall.act.at\/shop\/1502\/wp-json\/wp\/v2\/types\/product"}],"wp:featuredmedia":[{"embeddable":true,"href":"https:\/\/actionmall.act.at\/shop\/1502\/wp-json\/wp\/v2\/media\/921"}],"wp:attachment":[{"href":"https:\/\/actionmall.act.at\/shop\/1502\/wp-json\/wp\/v2\/media?parent=920"}],"wp:term":[{"taxonomy":"product_cat","embeddable":true,"href":"https:\/\/actionmall.act.at\/shop\/1502\/wp-json\/wp\/v2\/product_cat?post=920"},{"taxonomy":"product_tag","embeddable":true,"href":"https:\/\/actionmall.act.at\/shop\/1502\/wp-json\/wp\/v2\/product_tag?post=920"}],"curies":[{"name":"wp","href":"https:\/\/api.w.org\/{rel}","templated":true}]}}