{"id":262,"date":"2026-04-16T12:21:57","date_gmt":"2026-04-16T10:21:57","guid":{"rendered":"https:\/\/actionmall.act.at\/shop\/152\/?post_type=product&#038;p=262"},"modified":"2026-04-16T12:21:58","modified_gmt":"2026-04-16T10:21:58","slug":"textmarker-colorkick-mit-aufdruck","status":"publish","type":"product","link":"https:\/\/actionmall.act.at\/shop\/152\/produkt\/textmarker-colorkick-mit-aufdruck\/","title":{"rendered":"Textmarker &#8222;ColorKick&#8220; &#8211; mit Aufdruck"},"content":{"rendered":"<p>Der Textmarker \u201e<strong>ColorKick<\/strong>\u201c sorgt mit leuchtenden Farben f\u00fcr klare Markierungen und eine bessere \u00dcbersicht in deinen Unterlagen. Durch seine angenehme Form liegt er gut in der Hand und ist ideal f\u00fcr Schule, B\u00fcro und Zuhause. Auf Wunsch ist er auch mit dem eigenen Firmenaufdruck erh\u00e4ltlich.<\/p>\n","protected":false},"excerpt":{"rendered":"<p>Der Textmarker \u201eColorKick\u201c sorgt mit leuchtenden Farben f\u00fcr klare Markierungen und eine bessere \u00dcbersicht in deinen Unterlagen. Durch seine angenehme Form liegt er gut in der Hand und ist ideal f\u00fcr Schule, B\u00fcro und Zuhause. Auf Wunsch ist er auch mit dem eigenen Firmenaufdruck erh\u00e4ltlich.<\/p>\n","protected":false},"featured_media":261,"template":"","meta":[],"product_cat":[59],"product_tag":[],"class_list":{"0":"post-262","1":"product","2":"type-product","3":"status-publish","4":"has-post-thumbnail","6":"product_cat-werbung-marketing-und-medien","8":"first","9":"instock","10":"taxable","11":"shipping-taxable","12":"purchasable","13":"product-type-simple"},"_links":{"self":[{"href":"https:\/\/actionmall.act.at\/shop\/152\/wp-json\/wp\/v2\/product\/262"}],"collection":[{"href":"https:\/\/actionmall.act.at\/shop\/152\/wp-json\/wp\/v2\/product"}],"about":[{"href":"https:\/\/actionmall.act.at\/shop\/152\/wp-json\/wp\/v2\/types\/product"}],"wp:featuredmedia":[{"embeddable":true,"href":"https:\/\/actionmall.act.at\/shop\/152\/wp-json\/wp\/v2\/media\/261"}],"wp:attachment":[{"href":"https:\/\/actionmall.act.at\/shop\/152\/wp-json\/wp\/v2\/media?parent=262"}],"wp:term":[{"taxonomy":"product_cat","embeddable":true,"href":"https:\/\/actionmall.act.at\/shop\/152\/wp-json\/wp\/v2\/product_cat?post=262"},{"taxonomy":"product_tag","embeddable":true,"href":"https:\/\/actionmall.act.at\/shop\/152\/wp-json\/wp\/v2\/product_tag?post=262"}],"curies":[{"name":"wp","href":"https:\/\/api.w.org\/{rel}","templated":true}]}}