{"id":266,"date":"2026-04-16T12:25:02","date_gmt":"2026-04-16T10:25:02","guid":{"rendered":"https:\/\/actionmall.act.at\/shop\/152\/?post_type=product&#038;p=266"},"modified":"2026-04-16T12:25:02","modified_gmt":"2026-04-16T10:25:02","slug":"sonnenbrille-solarix-mit-aufdruck","status":"publish","type":"product","link":"https:\/\/actionmall.act.at\/shop\/152\/produkt\/sonnenbrille-solarix-mit-aufdruck\/","title":{"rendered":"Sonnenbrille &#8222;Solarix&#8220; &#8211; mit Aufdruck"},"content":{"rendered":"<p>Die Sonnenbrille \u201e<strong>Solarix<\/strong>\u201c verbindet modernes Design mit zuverl\u00e4ssigem Schutz an sonnigen Tagen. Sie ist leicht, bequem zu tragen und der perfekte Begleiter f\u00fcr Freizeit, Urlaub und unterwegs. Auf Wunsch ist sie auch mit dem eigenen Firmenaufdruck erh\u00e4ltlich.<\/p>\n","protected":false},"excerpt":{"rendered":"<p>Die Sonnenbrille \u201eSolarix\u201c verbindet modernes Design mit zuverl\u00e4ssigem Schutz an sonnigen Tagen. Sie ist leicht, bequem zu tragen und der perfekte Begleiter f\u00fcr Freizeit, Urlaub und unterwegs. Auf Wunsch ist sie auch mit dem eigenen Firmenaufdruck erh\u00e4ltlich.<\/p>\n","protected":false},"featured_media":264,"template":"","meta":[],"product_cat":[59],"product_tag":[],"class_list":{"0":"post-266","1":"product","2":"type-product","3":"status-publish","4":"has-post-thumbnail","6":"product_cat-werbung-marketing-und-medien","8":"first","9":"instock","10":"taxable","11":"shipping-taxable","12":"purchasable","13":"product-type-simple"},"_links":{"self":[{"href":"https:\/\/actionmall.act.at\/shop\/152\/wp-json\/wp\/v2\/product\/266"}],"collection":[{"href":"https:\/\/actionmall.act.at\/shop\/152\/wp-json\/wp\/v2\/product"}],"about":[{"href":"https:\/\/actionmall.act.at\/shop\/152\/wp-json\/wp\/v2\/types\/product"}],"wp:featuredmedia":[{"embeddable":true,"href":"https:\/\/actionmall.act.at\/shop\/152\/wp-json\/wp\/v2\/media\/264"}],"wp:attachment":[{"href":"https:\/\/actionmall.act.at\/shop\/152\/wp-json\/wp\/v2\/media?parent=266"}],"wp:term":[{"taxonomy":"product_cat","embeddable":true,"href":"https:\/\/actionmall.act.at\/shop\/152\/wp-json\/wp\/v2\/product_cat?post=266"},{"taxonomy":"product_tag","embeddable":true,"href":"https:\/\/actionmall.act.at\/shop\/152\/wp-json\/wp\/v2\/product_tag?post=266"}],"curies":[{"name":"wp","href":"https:\/\/api.w.org\/{rel}","templated":true}]}}