{"id":269,"date":"2026-04-16T12:28:06","date_gmt":"2026-04-16T10:28:06","guid":{"rendered":"https:\/\/actionmall.act.at\/shop\/152\/?post_type=product&#038;p=269"},"modified":"2026-04-16T12:28:06","modified_gmt":"2026-04-16T10:28:06","slug":"usb-stick-databuddy-mit-aufdruck","status":"publish","type":"product","link":"https:\/\/actionmall.act.at\/shop\/152\/produkt\/usb-stick-databuddy-mit-aufdruck\/","title":{"rendered":"USB-Stick &#8222;DataBuddy&#8220; &#8211; mit Aufdruck"},"content":{"rendered":"<p>Der USB-Stick \u201e<strong>DataBuddy<\/strong>\u201c bietet eine praktische M\u00f6glichkeit, wichtige Dateien sicher zu speichern und \u00fcberall mitzunehmen. Dank seiner kompakten Gr\u00f6\u00dfe passt er in jede Tasche und ist ideal f\u00fcr Schule, Arbeit und private Daten. Auf Wunsch ist er auch mit dem eigenen Firmenaufdruck erh\u00e4ltlich.<\/p>\n","protected":false},"excerpt":{"rendered":"<p>Der USB-Stick \u201eDataBuddy\u201c bietet eine praktische M\u00f6glichkeit, wichtige Dateien sicher zu speichern und \u00fcberall mitzunehmen. Dank seiner kompakten Gr\u00f6\u00dfe passt er in jede Tasche und ist ideal f\u00fcr Schule, Arbeit und private Daten. Auf Wunsch ist er auch mit dem eigenen Firmenaufdruck erh\u00e4ltlich.<\/p>\n","protected":false},"featured_media":268,"template":"","meta":[],"product_cat":[59],"product_tag":[],"class_list":{"0":"post-269","1":"product","2":"type-product","3":"status-publish","4":"has-post-thumbnail","6":"product_cat-werbung-marketing-und-medien","8":"first","9":"instock","10":"taxable","11":"shipping-taxable","12":"purchasable","13":"product-type-simple"},"_links":{"self":[{"href":"https:\/\/actionmall.act.at\/shop\/152\/wp-json\/wp\/v2\/product\/269"}],"collection":[{"href":"https:\/\/actionmall.act.at\/shop\/152\/wp-json\/wp\/v2\/product"}],"about":[{"href":"https:\/\/actionmall.act.at\/shop\/152\/wp-json\/wp\/v2\/types\/product"}],"wp:featuredmedia":[{"embeddable":true,"href":"https:\/\/actionmall.act.at\/shop\/152\/wp-json\/wp\/v2\/media\/268"}],"wp:attachment":[{"href":"https:\/\/actionmall.act.at\/shop\/152\/wp-json\/wp\/v2\/media?parent=269"}],"wp:term":[{"taxonomy":"product_cat","embeddable":true,"href":"https:\/\/actionmall.act.at\/shop\/152\/wp-json\/wp\/v2\/product_cat?post=269"},{"taxonomy":"product_tag","embeddable":true,"href":"https:\/\/actionmall.act.at\/shop\/152\/wp-json\/wp\/v2\/product_tag?post=269"}],"curies":[{"name":"wp","href":"https:\/\/api.w.org\/{rel}","templated":true}]}}