{"id":281,"date":"2026-05-07T11:20:42","date_gmt":"2026-05-07T09:20:42","guid":{"rendered":"https:\/\/actionmall.act.at\/shop\/152\/?post_type=product&#038;p=281"},"modified":"2026-05-07T11:20:42","modified_gmt":"2026-05-07T09:20:42","slug":"briefpapier-dailyprint-mit-aufdruck","status":"publish","type":"product","link":"https:\/\/actionmall.act.at\/shop\/152\/produkt\/briefpapier-dailyprint-mit-aufdruck\/","title":{"rendered":"Briefpapier &#8222;DailyPrint&#8220; &#8211; mit Aufdruck"},"content":{"rendered":"<p>Hochwertiges <strong data-start=\"13\" data-end=\"46\">A4-Briefpapier (210 \u00d7 297 mm)<\/strong> mit <strong data-start=\"51\" data-end=\"64\">500 Blatt<\/strong>, ideal f\u00fcr Gesch\u00e4ftsbriefe und professionelle Korrespondenz. Das Papier \u00fcberzeugt durch eine saubere Druckqualit\u00e4t und eine hochwertige Verarbeitung. Erh\u00e4ltlich <strong data-start=\"226\" data-end=\"285\">\u00a0individuell mit Ihrem Firmenaufdruck<\/strong>.<\/p>\n","protected":false},"excerpt":{"rendered":"<p>Hochwertiges A4-Briefpapier (210 \u00d7 297 mm) mit 500 Blatt, ideal f\u00fcr Gesch\u00e4ftsbriefe und professionelle Korrespondenz. Das Papier \u00fcberzeugt durch eine saubere Druckqualit\u00e4t und eine hochwertige Verarbeitung. Erh\u00e4ltlich \u00a0individuell mit Ihrem Firmenaufdruck.<\/p>\n","protected":false},"featured_media":280,"template":"","meta":[],"product_cat":[59],"product_tag":[],"class_list":{"0":"post-281","1":"product","2":"type-product","3":"status-publish","4":"has-post-thumbnail","6":"product_cat-werbung-marketing-und-medien","8":"first","9":"instock","10":"taxable","11":"shipping-taxable","12":"purchasable","13":"product-type-simple"},"_links":{"self":[{"href":"https:\/\/actionmall.act.at\/shop\/152\/wp-json\/wp\/v2\/product\/281"}],"collection":[{"href":"https:\/\/actionmall.act.at\/shop\/152\/wp-json\/wp\/v2\/product"}],"about":[{"href":"https:\/\/actionmall.act.at\/shop\/152\/wp-json\/wp\/v2\/types\/product"}],"wp:featuredmedia":[{"embeddable":true,"href":"https:\/\/actionmall.act.at\/shop\/152\/wp-json\/wp\/v2\/media\/280"}],"wp:attachment":[{"href":"https:\/\/actionmall.act.at\/shop\/152\/wp-json\/wp\/v2\/media?parent=281"}],"wp:term":[{"taxonomy":"product_cat","embeddable":true,"href":"https:\/\/actionmall.act.at\/shop\/152\/wp-json\/wp\/v2\/product_cat?post=281"},{"taxonomy":"product_tag","embeddable":true,"href":"https:\/\/actionmall.act.at\/shop\/152\/wp-json\/wp\/v2\/product_tag?post=281"}],"curies":[{"name":"wp","href":"https:\/\/api.w.org\/{rel}","templated":true}]}}