{"id":282,"date":"2026-05-07T11:30:31","date_gmt":"2026-05-07T09:30:31","guid":{"rendered":"https:\/\/actionmall.act.at\/shop\/152\/?post_type=product&#038;p=282"},"modified":"2026-05-07T11:30:31","modified_gmt":"2026-05-07T09:30:31","slug":"stempel-stempify-ohne-aufdruck","status":"publish","type":"product","link":"https:\/\/actionmall.act.at\/shop\/152\/produkt\/stempel-stempify-ohne-aufdruck\/","title":{"rendered":"Stempel &#8222;Stempify&#8220; &#8211; ohne Aufdruck"},"content":{"rendered":"<p>Hochwertiger Stempel f\u00fcr den professionellen Einsatz im B\u00fcro oder Unternehmen. Der Stempel sorgt f\u00fcr saubere und klare Abdrucke auf Dokumenten und ist besonders langlebig und einfach in der Anwendung.<\/p>\n","protected":false},"excerpt":{"rendered":"<p>Hochwertiger Stempel f\u00fcr den professionellen Einsatz im B\u00fcro oder Unternehmen. Der Stempel sorgt f\u00fcr saubere und klare Abdrucke auf Dokumenten und ist besonders langlebig und einfach in der Anwendung.<\/p>\n","protected":false},"featured_media":283,"template":"","meta":[],"product_cat":[59],"product_tag":[],"class_list":{"0":"post-282","1":"product","2":"type-product","3":"status-publish","4":"has-post-thumbnail","6":"product_cat-werbung-marketing-und-medien","8":"first","9":"instock","10":"taxable","11":"shipping-taxable","12":"purchasable","13":"product-type-simple"},"_links":{"self":[{"href":"https:\/\/actionmall.act.at\/shop\/152\/wp-json\/wp\/v2\/product\/282"}],"collection":[{"href":"https:\/\/actionmall.act.at\/shop\/152\/wp-json\/wp\/v2\/product"}],"about":[{"href":"https:\/\/actionmall.act.at\/shop\/152\/wp-json\/wp\/v2\/types\/product"}],"wp:featuredmedia":[{"embeddable":true,"href":"https:\/\/actionmall.act.at\/shop\/152\/wp-json\/wp\/v2\/media\/283"}],"wp:attachment":[{"href":"https:\/\/actionmall.act.at\/shop\/152\/wp-json\/wp\/v2\/media?parent=282"}],"wp:term":[{"taxonomy":"product_cat","embeddable":true,"href":"https:\/\/actionmall.act.at\/shop\/152\/wp-json\/wp\/v2\/product_cat?post=282"},{"taxonomy":"product_tag","embeddable":true,"href":"https:\/\/actionmall.act.at\/shop\/152\/wp-json\/wp\/v2\/product_tag?post=282"}],"curies":[{"name":"wp","href":"https:\/\/api.w.org\/{rel}","templated":true}]}}