{"id":285,"date":"2026-05-07T11:38:19","date_gmt":"2026-05-07T09:38:19","guid":{"rendered":"https:\/\/actionmall.act.at\/shop\/152\/?post_type=product&#038;p=285"},"modified":"2026-05-07T11:38:19","modified_gmt":"2026-05-07T09:38:19","slug":"paketband-rollix-ohne-aufdruck","status":"publish","type":"product","link":"https:\/\/actionmall.act.at\/shop\/152\/produkt\/paketband-rollix-ohne-aufdruck\/","title":{"rendered":"Paketband &#8222;Rollix&#8220; &#8211; ohne Aufdruck"},"content":{"rendered":"<p>Hochwertiges Paketband f\u00fcr sicheres und zuverl\u00e4ssiges Verschlie\u00dfen von Paketen und Versandkartons. Es \u00fcberzeugt durch starke Klebekraft und eine robuste Qualit\u00e4t f\u00fcr den t\u00e4glichen Einsatz im Versand.<\/p>\n","protected":false},"excerpt":{"rendered":"<p>Hochwertiges Paketband f\u00fcr sicheres und zuverl\u00e4ssiges Verschlie\u00dfen von Paketen und Versandkartons. Es \u00fcberzeugt durch starke Klebekraft und eine robuste Qualit\u00e4t f\u00fcr den t\u00e4glichen Einsatz im Versand.<\/p>\n","protected":false},"featured_media":286,"template":"","meta":[],"product_cat":[34],"product_tag":[],"class_list":{"0":"post-285","1":"product","2":"type-product","3":"status-publish","4":"has-post-thumbnail","6":"product_cat-autos-und-fahrzeuge","8":"first","9":"instock","10":"taxable","11":"shipping-taxable","12":"purchasable","13":"product-type-simple"},"_links":{"self":[{"href":"https:\/\/actionmall.act.at\/shop\/152\/wp-json\/wp\/v2\/product\/285"}],"collection":[{"href":"https:\/\/actionmall.act.at\/shop\/152\/wp-json\/wp\/v2\/product"}],"about":[{"href":"https:\/\/actionmall.act.at\/shop\/152\/wp-json\/wp\/v2\/types\/product"}],"wp:featuredmedia":[{"embeddable":true,"href":"https:\/\/actionmall.act.at\/shop\/152\/wp-json\/wp\/v2\/media\/286"}],"wp:attachment":[{"href":"https:\/\/actionmall.act.at\/shop\/152\/wp-json\/wp\/v2\/media?parent=285"}],"wp:term":[{"taxonomy":"product_cat","embeddable":true,"href":"https:\/\/actionmall.act.at\/shop\/152\/wp-json\/wp\/v2\/product_cat?post=285"},{"taxonomy":"product_tag","embeddable":true,"href":"https:\/\/actionmall.act.at\/shop\/152\/wp-json\/wp\/v2\/product_tag?post=285"}],"curies":[{"name":"wp","href":"https:\/\/api.w.org\/{rel}","templated":true}]}}