{"id":287,"date":"2026-05-07T11:39:46","date_gmt":"2026-05-07T09:39:46","guid":{"rendered":"https:\/\/actionmall.act.at\/shop\/152\/?post_type=product&#038;p=287"},"modified":"2026-05-07T11:39:46","modified_gmt":"2026-05-07T09:39:46","slug":"paketband-rollix-mit-aufdruck","status":"publish","type":"product","link":"https:\/\/actionmall.act.at\/shop\/152\/produkt\/paketband-rollix-mit-aufdruck\/","title":{"rendered":"Paketband &#8222;Rollix&#8220; &#8211; mit Aufdruck"},"content":{"rendered":"<p>Hochwertiges Paketband f\u00fcr sicheres und zuverl\u00e4ssiges Verschlie\u00dfen von Paketen und Versandkartons. Es \u00fcberzeugt durch starke Klebekraft und eine robuste Qualit\u00e4t f\u00fcr den t\u00e4glichen Einsatz im Versand. <strong data-start=\"200\" data-end=\"264\" data-is-last-node=\"\">Auf Wunsch auch individuell mit Ihrem Firmenlogo bedruckbar.<\/strong><\/p>\n","protected":false},"excerpt":{"rendered":"<p>Hochwertiges Paketband f\u00fcr sicheres und zuverl\u00e4ssiges Verschlie\u00dfen von Paketen und Versandkartons. Es \u00fcberzeugt durch starke Klebekraft und eine robuste Qualit\u00e4t f\u00fcr den t\u00e4glichen Einsatz im Versand. Auf Wunsch auch individuell mit Ihrem Firmenlogo bedruckbar.<\/p>\n","protected":false},"featured_media":286,"template":"","meta":[],"product_cat":[59],"product_tag":[],"class_list":{"0":"post-287","1":"product","2":"type-product","3":"status-publish","4":"has-post-thumbnail","6":"product_cat-werbung-marketing-und-medien","8":"first","9":"instock","10":"taxable","11":"shipping-taxable","12":"purchasable","13":"product-type-simple"},"_links":{"self":[{"href":"https:\/\/actionmall.act.at\/shop\/152\/wp-json\/wp\/v2\/product\/287"}],"collection":[{"href":"https:\/\/actionmall.act.at\/shop\/152\/wp-json\/wp\/v2\/product"}],"about":[{"href":"https:\/\/actionmall.act.at\/shop\/152\/wp-json\/wp\/v2\/types\/product"}],"wp:featuredmedia":[{"embeddable":true,"href":"https:\/\/actionmall.act.at\/shop\/152\/wp-json\/wp\/v2\/media\/286"}],"wp:attachment":[{"href":"https:\/\/actionmall.act.at\/shop\/152\/wp-json\/wp\/v2\/media?parent=287"}],"wp:term":[{"taxonomy":"product_cat","embeddable":true,"href":"https:\/\/actionmall.act.at\/shop\/152\/wp-json\/wp\/v2\/product_cat?post=287"},{"taxonomy":"product_tag","embeddable":true,"href":"https:\/\/actionmall.act.at\/shop\/152\/wp-json\/wp\/v2\/product_tag?post=287"}],"curies":[{"name":"wp","href":"https:\/\/api.w.org\/{rel}","templated":true}]}}