{"id":376,"date":"2025-11-13T15:06:22","date_gmt":"2025-11-13T14:06:22","guid":{"rendered":"https:\/\/actionmall.act.at\/shop\/1534\/?post_type=product&#038;p=376"},"modified":"2025-11-27T14:43:21","modified_gmt":"2025-11-27T13:43:21","slug":"logitech-mx-anywhere-3s","status":"publish","type":"product","link":"https:\/\/actionmall.act.at\/shop\/1534\/en\/produkt\/logitech-mx-anywhere-3s\/","title":{"rendered":"Logitech MX Anywhere 3S"},"content":{"rendered":"<p>Die **Logitech MX Anywhere 3S** ist eine kompakte Premium-Maus f\u00fcr maximale Produktivit\u00e4t unterwegs. Ihr 8.000 DPI-Sensor funktioniert pr\u00e4zise auf nahezu jeder Oberfl\u00e4che, sogar auf Glas. Das leise MagSpeed-Scrollrad und die \u201eQuiet Clicks\u201c sorgen f\u00fcr angenehmes, lautloses Arbeiten. Mit bis zu 70 Tagen Akkulaufzeit, USB-C-Schnellladung und Verbindung \u00fcber Bluetooth oder Logi Bolt ist sie ideal f\u00fcr mobiles Arbeiten und flexible Setups.<\/p>\n<p>&nbsp;<\/p>\n<p>Bild: Copyright liegt beim jeweiligen Eigent\u00fcmer<\/p>\n","protected":false},"excerpt":{"rendered":"<p>Die **Logitech MX Anywhere 3S** ist eine kompakte Premium-Maus f\u00fcr maximale Produktivit\u00e4t unterwegs. Ihr 8.000 DPI-Sensor funktioniert pr\u00e4zise auf nahezu jeder Oberfl\u00e4che, sogar auf Glas. Das leise MagSpeed-Scrollrad und die \u201eQuiet Clicks\u201c sorgen f\u00fcr angenehmes, lautloses Arbeiten. Mit bis zu 70 Tagen Akkulaufzeit, USB-C-Schnellladung und Verbindung \u00fcber Bluetooth oder Logi Bolt ist sie ideal f\u00fcr [&hellip;]<\/p>\n","protected":false},"featured_media":440,"template":"","meta":[],"product_cat":[],"product_tag":[],"class_list":{"0":"post-376","1":"product","2":"type-product","3":"status-publish","4":"has-post-thumbnail","7":"first","8":"instock","9":"taxable","10":"shipping-taxable","11":"purchasable","12":"product-type-simple"},"_links":{"self":[{"href":"https:\/\/actionmall.act.at\/shop\/1534\/en\/wp-json\/wp\/v2\/product\/376"}],"collection":[{"href":"https:\/\/actionmall.act.at\/shop\/1534\/en\/wp-json\/wp\/v2\/product"}],"about":[{"href":"https:\/\/actionmall.act.at\/shop\/1534\/en\/wp-json\/wp\/v2\/types\/product"}],"wp:featuredmedia":[{"embeddable":true,"href":"https:\/\/actionmall.act.at\/shop\/1534\/en\/wp-json\/wp\/v2\/media\/440"}],"wp:attachment":[{"href":"https:\/\/actionmall.act.at\/shop\/1534\/en\/wp-json\/wp\/v2\/media?parent=376"}],"wp:term":[{"taxonomy":"product_cat","embeddable":true,"href":"https:\/\/actionmall.act.at\/shop\/1534\/en\/wp-json\/wp\/v2\/product_cat?post=376"},{"taxonomy":"product_tag","embeddable":true,"href":"https:\/\/actionmall.act.at\/shop\/1534\/en\/wp-json\/wp\/v2\/product_tag?post=376"}],"curies":[{"name":"wp","href":"https:\/\/api.w.org\/{rel}","templated":true}]}}