{"id":378,"date":"2025-11-13T15:07:22","date_gmt":"2025-11-13T14:07:22","guid":{"rendered":"https:\/\/actionmall.act.at\/shop\/1534\/?post_type=product&#038;p=378"},"modified":"2025-11-27T14:45:39","modified_gmt":"2025-11-27T13:45:39","slug":"microsoft-sculpt-ergonomic-mouse","status":"publish","type":"product","link":"https:\/\/actionmall.act.at\/shop\/1534\/en\/produkt\/microsoft-sculpt-ergonomic-mouse\/","title":{"rendered":"Microsoft Sculpt Ergonomic Mouse"},"content":{"rendered":"<p>Die **[Microsoft\u202fSculpt\u202fErgonomic\u202fMouse]()** bietet durch ihr speziell geneigtes Geh\u00e4use und eine ausgepr\u00e4gte Daumenmulde eine ergonomisch optimierte Hand- und Handgelenkhaltung \u2013 ideal f\u00fcr lange Arbeitstage. Mit ihrer kabellosen 2,4-GHz-Verbindung, einer 4-Wege-Scrollfunktion f\u00fcr horizontales und vertikales Navigieren sowie der pr\u00e4zisen BlueTrack-Technologie funktioniert sie nahezu auf jeder Oberfl\u00e4che. Zwei AA-Batterien sorgen laut Hersteller f\u00fcr bis zu 12 Monate Laufzeit, der kompakte USB-Empf\u00e4nger l\u00e4sst sich direkt im Geh\u00e4useboden unterbringen.<\/p>\n","protected":false},"excerpt":{"rendered":"<p>Die **[Microsoft\u202fSculpt\u202fErgonomic\u202fMouse]()** bietet durch ihr speziell geneigtes Geh\u00e4use und eine ausgepr\u00e4gte Daumenmulde eine ergonomisch optimierte Hand- und Handgelenkhaltung \u2013 ideal f\u00fcr lange Arbeitstage. Mit ihrer kabellosen 2,4-GHz-Verbindung, einer 4-Wege-Scrollfunktion f\u00fcr horizontales und vertikales Navigieren sowie der pr\u00e4zisen BlueTrack-Technologie funktioniert sie nahezu auf jeder Oberfl\u00e4che. Zwei AA-Batterien sorgen laut Hersteller f\u00fcr bis zu 12 Monate Laufzeit, [&hellip;]<\/p>\n","protected":false},"featured_media":442,"template":"","meta":[],"product_cat":[],"product_tag":[],"class_list":{"0":"post-378","1":"product","2":"type-product","3":"status-publish","4":"has-post-thumbnail","7":"first","8":"instock","9":"taxable","10":"shipping-taxable","11":"purchasable","12":"product-type-simple"},"_links":{"self":[{"href":"https:\/\/actionmall.act.at\/shop\/1534\/en\/wp-json\/wp\/v2\/product\/378"}],"collection":[{"href":"https:\/\/actionmall.act.at\/shop\/1534\/en\/wp-json\/wp\/v2\/product"}],"about":[{"href":"https:\/\/actionmall.act.at\/shop\/1534\/en\/wp-json\/wp\/v2\/types\/product"}],"wp:featuredmedia":[{"embeddable":true,"href":"https:\/\/actionmall.act.at\/shop\/1534\/en\/wp-json\/wp\/v2\/media\/442"}],"wp:attachment":[{"href":"https:\/\/actionmall.act.at\/shop\/1534\/en\/wp-json\/wp\/v2\/media?parent=378"}],"wp:term":[{"taxonomy":"product_cat","embeddable":true,"href":"https:\/\/actionmall.act.at\/shop\/1534\/en\/wp-json\/wp\/v2\/product_cat?post=378"},{"taxonomy":"product_tag","embeddable":true,"href":"https:\/\/actionmall.act.at\/shop\/1534\/en\/wp-json\/wp\/v2\/product_tag?post=378"}],"curies":[{"name":"wp","href":"https:\/\/api.w.org\/{rel}","templated":true}]}}