{"id":379,"date":"2025-11-13T15:08:12","date_gmt":"2025-11-13T14:08:12","guid":{"rendered":"https:\/\/actionmall.act.at\/shop\/1534\/?post_type=product&#038;p=379"},"modified":"2025-11-27T14:49:12","modified_gmt":"2025-11-27T13:49:12","slug":"samsung-frame-pro","status":"publish","type":"product","link":"https:\/\/actionmall.act.at\/shop\/1534\/en\/produkt\/samsung-frame-pro\/","title":{"rendered":"Samsung Frame Pro"},"content":{"rendered":"<p>Samsung The Frame Pro \u2013 Der elegante Lifestyle-TV vereint Kunst und Technik. Mit seinem rahmen\u00e4hnlichen Design f\u00fcgt er sich wie ein Bild in jede Umgebung ein. Das QLED-Display mit 4K-Aufl\u00f6sung sorgt f\u00fcr brillante Farben, w\u00e4hrend der Art Mode Ihre Lieblingskunstwerke realistisch darstellt. Smart-TV-Funktionen und anpassbare Rahmen machen ihn zu einem Highlight in jedem Raum.<\/p>\n<p>Bild: Copyright liegt beim jeweiligen Bildeigent\u00fcmer.<\/p>\n","protected":false},"excerpt":{"rendered":"<p>Samsung The Frame Pro \u2013 Der elegante Lifestyle-TV vereint Kunst und Technik. Mit seinem rahmen\u00e4hnlichen Design f\u00fcgt er sich wie ein Bild in jede Umgebung ein. Das QLED-Display mit 4K-Aufl\u00f6sung sorgt f\u00fcr brillante Farben, w\u00e4hrend der Art Mode Ihre Lieblingskunstwerke realistisch darstellt. Smart-TV-Funktionen und anpassbare Rahmen machen ihn zu einem Highlight in jedem Raum. Bild: [&hellip;]<\/p>\n","protected":false},"featured_media":446,"template":"","meta":[],"product_cat":[],"product_tag":[],"class_list":{"0":"post-379","1":"product","2":"type-product","3":"status-publish","4":"has-post-thumbnail","7":"first","8":"instock","9":"taxable","10":"shipping-taxable","11":"purchasable","12":"product-type-simple"},"_links":{"self":[{"href":"https:\/\/actionmall.act.at\/shop\/1534\/en\/wp-json\/wp\/v2\/product\/379"}],"collection":[{"href":"https:\/\/actionmall.act.at\/shop\/1534\/en\/wp-json\/wp\/v2\/product"}],"about":[{"href":"https:\/\/actionmall.act.at\/shop\/1534\/en\/wp-json\/wp\/v2\/types\/product"}],"wp:featuredmedia":[{"embeddable":true,"href":"https:\/\/actionmall.act.at\/shop\/1534\/en\/wp-json\/wp\/v2\/media\/446"}],"wp:attachment":[{"href":"https:\/\/actionmall.act.at\/shop\/1534\/en\/wp-json\/wp\/v2\/media?parent=379"}],"wp:term":[{"taxonomy":"product_cat","embeddable":true,"href":"https:\/\/actionmall.act.at\/shop\/1534\/en\/wp-json\/wp\/v2\/product_cat?post=379"},{"taxonomy":"product_tag","embeddable":true,"href":"https:\/\/actionmall.act.at\/shop\/1534\/en\/wp-json\/wp\/v2\/product_tag?post=379"}],"curies":[{"name":"wp","href":"https:\/\/api.w.org\/{rel}","templated":true}]}}