{"id":382,"date":"2025-11-13T15:29:57","date_gmt":"2025-11-13T14:29:57","guid":{"rendered":"https:\/\/actionmall.act.at\/shop\/1534\/?post_type=product&#038;p=382"},"modified":"2025-11-27T14:25:29","modified_gmt":"2025-11-27T13:25:29","slug":"aoc-monitor-c24g34","status":"publish","type":"product","link":"https:\/\/actionmall.act.at\/shop\/1534\/en\/produkt\/aoc-monitor-c24g34\/","title":{"rendered":"AOC Monitor C24G34"},"content":{"rendered":"<p>Der **AOC C24G34** ist ein 24-Zoll-Curved-Gaming-Monitor mit Full-HD-Aufl\u00f6sung, 165 Hz Bildwiederholrate und 1 ms Reaktionszeit f\u00fcr fl\u00fcssiges, verz\u00f6gerungsfreies Gameplay. Das VA-Panel bietet kr\u00e4ftige Kontraste und satte Farben, w\u00e4hrend die 1500R-Kr\u00fcmmung ein immersives Seherlebnis schafft. Mit Adaptive Sync, h\u00f6henverstellbarem Standfu\u00df und modernem Design ist er ideal f\u00fcr Gaming und Multimedia.<\/p>\n","protected":false},"excerpt":{"rendered":"<p>Der **AOC C24G34** ist ein 24-Zoll-Curved-Gaming-Monitor mit Full-HD-Aufl\u00f6sung, 165 Hz Bildwiederholrate und 1 ms Reaktionszeit f\u00fcr fl\u00fcssiges, verz\u00f6gerungsfreies Gameplay. Das VA-Panel bietet kr\u00e4ftige Kontraste und satte Farben, w\u00e4hrend die 1500R-Kr\u00fcmmung ein immersives Seherlebnis schafft. Mit Adaptive Sync, h\u00f6henverstellbarem Standfu\u00df und modernem Design ist er ideal f\u00fcr Gaming und Multimedia.<\/p>\n","protected":false},"featured_media":425,"template":"","meta":[],"product_cat":[],"product_tag":[],"class_list":{"0":"post-382","1":"product","2":"type-product","3":"status-publish","4":"has-post-thumbnail","7":"first","8":"instock","9":"taxable","10":"shipping-taxable","11":"purchasable","12":"product-type-simple"},"_links":{"self":[{"href":"https:\/\/actionmall.act.at\/shop\/1534\/en\/wp-json\/wp\/v2\/product\/382"}],"collection":[{"href":"https:\/\/actionmall.act.at\/shop\/1534\/en\/wp-json\/wp\/v2\/product"}],"about":[{"href":"https:\/\/actionmall.act.at\/shop\/1534\/en\/wp-json\/wp\/v2\/types\/product"}],"wp:featuredmedia":[{"embeddable":true,"href":"https:\/\/actionmall.act.at\/shop\/1534\/en\/wp-json\/wp\/v2\/media\/425"}],"wp:attachment":[{"href":"https:\/\/actionmall.act.at\/shop\/1534\/en\/wp-json\/wp\/v2\/media?parent=382"}],"wp:term":[{"taxonomy":"product_cat","embeddable":true,"href":"https:\/\/actionmall.act.at\/shop\/1534\/en\/wp-json\/wp\/v2\/product_cat?post=382"},{"taxonomy":"product_tag","embeddable":true,"href":"https:\/\/actionmall.act.at\/shop\/1534\/en\/wp-json\/wp\/v2\/product_tag?post=382"}],"curies":[{"name":"wp","href":"https:\/\/api.w.org\/{rel}","templated":true}]}}