{"id":400,"date":"2025-11-13T15:42:01","date_gmt":"2025-11-13T14:42:01","guid":{"rendered":"https:\/\/actionmall.act.at\/shop\/1534\/?post_type=product&#038;p=400"},"modified":"2025-11-27T14:50:48","modified_gmt":"2025-11-27T13:50:48","slug":"samsung-galaxy-s24","status":"publish","type":"product","link":"https:\/\/actionmall.act.at\/shop\/1534\/en\/produkt\/samsung-galaxy-s24\/","title":{"rendered":"Samsung Galaxy S24"},"content":{"rendered":"<p>Das **Samsung Galaxy S24** verf\u00fcgt \u00fcber ein 6,2\u2033 Dynamic AMOLED\u202f2X-Display mit adaptiver 1\u2013120\u202fHz Bildwiederholrate und hoher Helligkeit f\u00fcr optimale Sichtbarkeit. Angetrieben wird es von einem schnellen Prozessor mit 8\u202fGB RAM und Speicheroptionen ab 128\u202fGB. Die Kameraausstattung umfasst eine 50\u202fMP Hauptkamera, 12\u202fMP Ultraweitwinkel und 10\u202fMP Teleobjektiv mit 3\u00d7 optischem Zoom sowie eine 12\u202fMP Frontkamera. Mit IP68-Schutz, robustem Aluminiumgeh\u00e4use und Unterst\u00fctzung f\u00fcr schnelles kabelloses wie kabelgebundenes Laden ist es ideal f\u00fcr Nutzer, die ein kompaktes Premium-Smartphone suchen.<\/p>\n<p>&nbsp;<\/p>\n<p>Bild: Copyright liegt beim jeweiligen Eigent\u00fcmer<\/p>\n","protected":false},"excerpt":{"rendered":"<p>Das **Samsung Galaxy S24** verf\u00fcgt \u00fcber ein 6,2\u2033 Dynamic AMOLED\u202f2X-Display mit adaptiver 1\u2013120\u202fHz Bildwiederholrate und hoher Helligkeit f\u00fcr optimale Sichtbarkeit. Angetrieben wird es von einem schnellen Prozessor mit 8\u202fGB RAM und Speicheroptionen ab 128\u202fGB. Die Kameraausstattung umfasst eine 50\u202fMP Hauptkamera, 12\u202fMP Ultraweitwinkel und 10\u202fMP Teleobjektiv mit 3\u00d7 optischem Zoom sowie eine 12\u202fMP Frontkamera. Mit IP68-Schutz, [&hellip;]<\/p>\n","protected":false},"featured_media":448,"template":"","meta":[],"product_cat":[],"product_tag":[],"class_list":{"0":"post-400","1":"product","2":"type-product","3":"status-publish","4":"has-post-thumbnail","7":"first","8":"instock","9":"taxable","10":"shipping-taxable","11":"purchasable","12":"product-type-simple"},"_links":{"self":[{"href":"https:\/\/actionmall.act.at\/shop\/1534\/en\/wp-json\/wp\/v2\/product\/400"}],"collection":[{"href":"https:\/\/actionmall.act.at\/shop\/1534\/en\/wp-json\/wp\/v2\/product"}],"about":[{"href":"https:\/\/actionmall.act.at\/shop\/1534\/en\/wp-json\/wp\/v2\/types\/product"}],"wp:featuredmedia":[{"embeddable":true,"href":"https:\/\/actionmall.act.at\/shop\/1534\/en\/wp-json\/wp\/v2\/media\/448"}],"wp:attachment":[{"href":"https:\/\/actionmall.act.at\/shop\/1534\/en\/wp-json\/wp\/v2\/media?parent=400"}],"wp:term":[{"taxonomy":"product_cat","embeddable":true,"href":"https:\/\/actionmall.act.at\/shop\/1534\/en\/wp-json\/wp\/v2\/product_cat?post=400"},{"taxonomy":"product_tag","embeddable":true,"href":"https:\/\/actionmall.act.at\/shop\/1534\/en\/wp-json\/wp\/v2\/product_tag?post=400"}],"curies":[{"name":"wp","href":"https:\/\/api.w.org\/{rel}","templated":true}]}}