{"id":413,"date":"2025-11-13T15:49:19","date_gmt":"2025-11-13T14:49:19","guid":{"rendered":"https:\/\/actionmall.act.at\/shop\/1534\/?post_type=product&#038;p=413"},"modified":"2025-11-27T15:51:15","modified_gmt":"2025-11-27T14:51:15","slug":"steamdeck","status":"publish","type":"product","link":"https:\/\/actionmall.act.at\/shop\/1534\/en\/produkt\/steamdeck\/","title":{"rendered":"SteamDeck"},"content":{"rendered":"<p data-start=\"0\" data-end=\"269\">Handheld-Gaming-PC von Valve mit leistungsstarker AMD-APU (Zen\u202f2 CPU + RDNA\u202f2 GPU) und 7\u2011Zoll\u2011Touchscreen. Unterst\u00fctzt die gesamte Steam-Bibliothek, erm\u00f6glicht PC-Gaming unterwegs und kann \u00fcber Dockingstation auch an TV oder Monitor angeschlossen werden.<\/p>\n<p data-start=\"271\" data-end=\"324\" data-is-last-node=\"\" data-is-only-node=\"\">Bild: Copyright liegt beim jeweiligen Bildeigent\u00fcmer.<\/p>\n","protected":false},"excerpt":{"rendered":"<p>Handheld-Gaming-PC von Valve mit leistungsstarker AMD-APU (Zen\u202f2 CPU + RDNA\u202f2 GPU) und 7\u2011Zoll\u2011Touchscreen. Unterst\u00fctzt die gesamte Steam-Bibliothek, erm\u00f6glicht PC-Gaming unterwegs und kann \u00fcber Dockingstation auch an TV oder Monitor angeschlossen werden. Bild: Copyright liegt beim jeweiligen Bildeigent\u00fcmer.<\/p>\n","protected":false},"featured_media":463,"template":"","meta":[],"product_cat":[],"product_tag":[],"class_list":{"0":"post-413","1":"product","2":"type-product","3":"status-publish","4":"has-post-thumbnail","7":"first","8":"instock","9":"taxable","10":"shipping-taxable","11":"purchasable","12":"product-type-simple"},"_links":{"self":[{"href":"https:\/\/actionmall.act.at\/shop\/1534\/en\/wp-json\/wp\/v2\/product\/413"}],"collection":[{"href":"https:\/\/actionmall.act.at\/shop\/1534\/en\/wp-json\/wp\/v2\/product"}],"about":[{"href":"https:\/\/actionmall.act.at\/shop\/1534\/en\/wp-json\/wp\/v2\/types\/product"}],"wp:featuredmedia":[{"embeddable":true,"href":"https:\/\/actionmall.act.at\/shop\/1534\/en\/wp-json\/wp\/v2\/media\/463"}],"wp:attachment":[{"href":"https:\/\/actionmall.act.at\/shop\/1534\/en\/wp-json\/wp\/v2\/media?parent=413"}],"wp:term":[{"taxonomy":"product_cat","embeddable":true,"href":"https:\/\/actionmall.act.at\/shop\/1534\/en\/wp-json\/wp\/v2\/product_cat?post=413"},{"taxonomy":"product_tag","embeddable":true,"href":"https:\/\/actionmall.act.at\/shop\/1534\/en\/wp-json\/wp\/v2\/product_tag?post=413"}],"curies":[{"name":"wp","href":"https:\/\/api.w.org\/{rel}","templated":true}]}}