{"id":371,"date":"2025-11-13T15:01:24","date_gmt":"2025-11-13T14:01:24","guid":{"rendered":"https:\/\/actionmall.act.at\/shop\/1534\/?post_type=product&#038;p=371"},"modified":"2025-11-27T15:58:45","modified_gmt":"2025-11-27T14:58:45","slug":"logitech-mx-master-3s","status":"publish","type":"product","link":"https:\/\/actionmall.act.at\/shop\/1534\/produkt\/logitech-mx-master-3s\/","title":{"rendered":"Logitech MX Master 3S"},"content":{"rendered":"<p>Die **Logitech MX Master 3S** ist eine Premium-Funkmaus f\u00fcr h\u00f6chste Produktivit\u00e4t. Sie bietet pr\u00e4zise Steuerung mit einem 8.000 DPI-Sensor (funktioniert auch auf Glas), extrem leise Klicks und das schnelle MagSpeed-Scrollrad. Dank ergonomischem Design, USB-C-Aufladung (bis zu 70 Tage Laufzeit) und Verbindung mit bis zu drei Ger\u00e4ten \u00fcber Bluetooth oder Logi Bolt ist sie ideal f\u00fcr professionelle Anwender.<\/p>\n<p>&nbsp;<\/p>\n<p>Bild: Copyright liegt beim jeweiligen Bildeigent\u00fcmer<\/p>\n","protected":false},"excerpt":{"rendered":"<p>Die **Logitech MX Master 3S** ist eine Premium-Funkmaus f\u00fcr h\u00f6chste Produktivit\u00e4t. Sie bietet pr\u00e4zise Steuerung mit einem 8.000 DPI-Sensor (funktioniert auch auf Glas), extrem leise Klicks und das schnelle MagSpeed-Scrollrad. Dank ergonomischem Design, USB-C-Aufladung (bis zu 70 Tage Laufzeit) und Verbindung mit bis zu drei Ger\u00e4ten \u00fcber Bluetooth oder Logi Bolt ist sie ideal f\u00fcr [&hellip;]<\/p>\n","protected":false},"featured_media":422,"template":"","meta":[],"product_cat":[],"product_tag":[],"class_list":{"0":"post-371","1":"product","2":"type-product","3":"status-publish","4":"has-post-thumbnail","7":"first","8":"instock","9":"taxable","10":"shipping-taxable","11":"purchasable","12":"product-type-simple"},"_links":{"self":[{"href":"https:\/\/actionmall.act.at\/shop\/1534\/wp-json\/wp\/v2\/product\/371"}],"collection":[{"href":"https:\/\/actionmall.act.at\/shop\/1534\/wp-json\/wp\/v2\/product"}],"about":[{"href":"https:\/\/actionmall.act.at\/shop\/1534\/wp-json\/wp\/v2\/types\/product"}],"wp:featuredmedia":[{"embeddable":true,"href":"https:\/\/actionmall.act.at\/shop\/1534\/wp-json\/wp\/v2\/media\/422"}],"wp:attachment":[{"href":"https:\/\/actionmall.act.at\/shop\/1534\/wp-json\/wp\/v2\/media?parent=371"}],"wp:term":[{"taxonomy":"product_cat","embeddable":true,"href":"https:\/\/actionmall.act.at\/shop\/1534\/wp-json\/wp\/v2\/product_cat?post=371"},{"taxonomy":"product_tag","embeddable":true,"href":"https:\/\/actionmall.act.at\/shop\/1534\/wp-json\/wp\/v2\/product_tag?post=371"}],"curies":[{"name":"wp","href":"https:\/\/api.w.org\/{rel}","templated":true}]}}