{"id":377,"date":"2025-11-13T15:07:07","date_gmt":"2025-11-13T14:07:07","guid":{"rendered":"https:\/\/actionmall.act.at\/shop\/1534\/?post_type=product&#038;p=377"},"modified":"2025-11-27T14:57:03","modified_gmt":"2025-11-27T13:57:03","slug":"sony-bravia-qd-oled","status":"publish","type":"product","link":"https:\/\/actionmall.act.at\/shop\/1534\/produkt\/sony-bravia-qd-oled\/","title":{"rendered":"Sony BRAVIA QD-OLED"},"content":{"rendered":"<p>Erleben Sie mit dem Sony BRAVIA 8 II QD-OLED TV beeindruckende Bildqualit\u00e4t dank QD-OLED-Panel: tiefes Schwarz, au\u00dfergew\u00f6hnliche Farbvielfalt und hohe Helligkeit. Ausgestattet mit dem Cognitive Processor XR\u2122 zur intelligenten Bild- und Tonoptimierung, bietet er Gaming-Features wie 4K\/120 Hz und eine moderne Smart-TV-Plattform. Elegant im Design und ideal f\u00fcr Heimkino-Fans.<\/p>\n<p>&nbsp;<\/p>\n<p>Bild: Copyright liegt beim jeweiligen Bildeigent\u00fcmer.<\/p>\n","protected":false},"excerpt":{"rendered":"<p>Erleben Sie mit dem Sony BRAVIA 8 II QD-OLED TV beeindruckende Bildqualit\u00e4t dank QD-OLED-Panel: tiefes Schwarz, au\u00dfergew\u00f6hnliche Farbvielfalt und hohe Helligkeit. Ausgestattet mit dem Cognitive Processor XR\u2122 zur intelligenten Bild- und Tonoptimierung, bietet er Gaming-Features wie 4K\/120 Hz und eine moderne Smart-TV-Plattform. Elegant im Design und ideal f\u00fcr Heimkino-Fans. &nbsp; Bild: Copyright liegt beim jeweiligen [&hellip;]<\/p>\n","protected":false},"featured_media":452,"template":"","meta":[],"product_cat":[],"product_tag":[],"class_list":{"0":"post-377","1":"product","2":"type-product","3":"status-publish","4":"has-post-thumbnail","7":"first","8":"instock","9":"taxable","10":"shipping-taxable","11":"purchasable","12":"product-type-simple"},"_links":{"self":[{"href":"https:\/\/actionmall.act.at\/shop\/1534\/wp-json\/wp\/v2\/product\/377"}],"collection":[{"href":"https:\/\/actionmall.act.at\/shop\/1534\/wp-json\/wp\/v2\/product"}],"about":[{"href":"https:\/\/actionmall.act.at\/shop\/1534\/wp-json\/wp\/v2\/types\/product"}],"wp:featuredmedia":[{"embeddable":true,"href":"https:\/\/actionmall.act.at\/shop\/1534\/wp-json\/wp\/v2\/media\/452"}],"wp:attachment":[{"href":"https:\/\/actionmall.act.at\/shop\/1534\/wp-json\/wp\/v2\/media?parent=377"}],"wp:term":[{"taxonomy":"product_cat","embeddable":true,"href":"https:\/\/actionmall.act.at\/shop\/1534\/wp-json\/wp\/v2\/product_cat?post=377"},{"taxonomy":"product_tag","embeddable":true,"href":"https:\/\/actionmall.act.at\/shop\/1534\/wp-json\/wp\/v2\/product_tag?post=377"}],"curies":[{"name":"wp","href":"https:\/\/api.w.org\/{rel}","templated":true}]}}