{"id":404,"date":"2025-11-13T15:44:51","date_gmt":"2025-11-13T14:44:51","guid":{"rendered":"https:\/\/actionmall.act.at\/shop\/1534\/?post_type=product&#038;p=404"},"modified":"2025-11-27T14:34:59","modified_gmt":"2025-11-27T13:34:59","slug":"google-pixel-9-pro-xl","status":"publish","type":"product","link":"https:\/\/actionmall.act.at\/shop\/1534\/produkt\/google-pixel-9-pro-xl\/","title":{"rendered":"Google Pixel 9 Pro XL"},"content":{"rendered":"<p>Die Google Pixel 9 Pro XL ist Googles aktuelles Flaggschiff-Smartphone mit gro\u00dfem 6,8\u2033 LTPO-OLED-Display (Aufl\u00f6sung ca. 2.992 \u00d7 1.344 px, bis 120 Hz) und enorm heller Spitzenhelligkeit. Angetrieben wird es vom leistungsstarken Google Tensor G4-Chip in Kombination mit 16 GB RAM und internen Speicheroptionen von 128 GB bis zu 1 TB. Das Kamerasystem besteht aus drei hochwertigen Objektiven (50 MP Hauptsensor + 48 MP Ultraweitwinkel + 48 MP Telefoto mit 5-fach optischem Zoom) sowie einer 42 MP Frontkamera f\u00fcr Selfies. Weitere Highlights: Schutzart IP68, USB-C, kabelloses Laden, Reverse Wireless Charging und Software-Updates f\u00fcr viele Jahre. Ideal f\u00fcr anspruchsvolle Nutzer, die Top-Display, starke Kamera und Zukunftssicherheit suchen.<\/p>\n<p>&nbsp;<\/p>\n<p>&nbsp;<\/p>\n<p>Bild: Copyright liegt beim jeweiligen Eigent\u00fcmer<\/p>\n","protected":false},"excerpt":{"rendered":"<p>Die Google Pixel 9 Pro XL ist Googles aktuelles Flaggschiff-Smartphone mit gro\u00dfem 6,8\u2033 LTPO-OLED-Display (Aufl\u00f6sung ca. 2.992 \u00d7 1.344 px, bis 120 Hz) und enorm heller Spitzenhelligkeit. Angetrieben wird es vom leistungsstarken Google Tensor G4-Chip in Kombination mit 16 GB RAM und internen Speicheroptionen von 128 GB bis zu 1 TB. Das Kamerasystem besteht aus [&hellip;]<\/p>\n","protected":false},"featured_media":433,"template":"","meta":[],"product_cat":[],"product_tag":[],"class_list":{"0":"post-404","1":"product","2":"type-product","3":"status-publish","4":"has-post-thumbnail","7":"first","8":"instock","9":"taxable","10":"shipping-taxable","11":"purchasable","12":"product-type-simple"},"_links":{"self":[{"href":"https:\/\/actionmall.act.at\/shop\/1534\/wp-json\/wp\/v2\/product\/404"}],"collection":[{"href":"https:\/\/actionmall.act.at\/shop\/1534\/wp-json\/wp\/v2\/product"}],"about":[{"href":"https:\/\/actionmall.act.at\/shop\/1534\/wp-json\/wp\/v2\/types\/product"}],"wp:featuredmedia":[{"embeddable":true,"href":"https:\/\/actionmall.act.at\/shop\/1534\/wp-json\/wp\/v2\/media\/433"}],"wp:attachment":[{"href":"https:\/\/actionmall.act.at\/shop\/1534\/wp-json\/wp\/v2\/media?parent=404"}],"wp:term":[{"taxonomy":"product_cat","embeddable":true,"href":"https:\/\/actionmall.act.at\/shop\/1534\/wp-json\/wp\/v2\/product_cat?post=404"},{"taxonomy":"product_tag","embeddable":true,"href":"https:\/\/actionmall.act.at\/shop\/1534\/wp-json\/wp\/v2\/product_tag?post=404"}],"curies":[{"name":"wp","href":"https:\/\/api.w.org\/{rel}","templated":true}]}}