{"id":409,"date":"2025-11-13T15:47:32","date_gmt":"2025-11-13T14:47:32","guid":{"rendered":"https:\/\/actionmall.act.at\/shop\/1534\/?post_type=product&#038;p=409"},"modified":"2025-11-27T15:55:03","modified_gmt":"2025-11-27T14:55:03","slug":"dji-mavic-4-pro-combo","status":"publish","type":"product","link":"https:\/\/actionmall.act.at\/shop\/1534\/produkt\/dji-mavic-4-pro-combo\/","title":{"rendered":"DJI Mavic 4 Pro Combo"},"content":{"rendered":"<p>Die **DJI Mavic 4 Pro Combo** ist eine professionelle Drohne f\u00fcr hochwertige Luftaufnahmen und Videoproduktionen. Sie verf\u00fcgt \u00fcber ein Kamerasystem mit 100\u202fMP Hauptsensor, Teleobjektiven mit 48\u202fMP und 50\u202fMP sowie die M\u00f6glichkeit, 6K-Videos mit 60\u202ffps und 4K mit bis zu 120\u202ffps aufzunehmen. Der Infinity-Gimbal erlaubt 360\u00b0-Rotation und bis zu 70\u00b0 Aufw\u00e4rtsneigung f\u00fcr kreative Perspektiven. Mit einer Flugzeit von bis zu 51 Minuten, omnidirektionaler Hindernisvermeidung und einem umfangreichen Zubeh\u00f6rpaket (Fernsteuerung, zus\u00e4tzliche Akkus, Lade-Hub, Tasche) ist sie ideal f\u00fcr Filmemacher und Luftaufnahme-Profis, die maximale Flexibilit\u00e4t und Bildqualit\u00e4t suchen.<\/p>\n<p>&nbsp;<\/p>\n<p>Bild: Copyright liegt beim jeweiligen Eigent\u00fcmer<\/p>\n","protected":false},"excerpt":{"rendered":"<p>Die **DJI Mavic 4 Pro Combo** ist eine professionelle Drohne f\u00fcr hochwertige Luftaufnahmen und Videoproduktionen. Sie verf\u00fcgt \u00fcber ein Kamerasystem mit 100\u202fMP Hauptsensor, Teleobjektiven mit 48\u202fMP und 50\u202fMP sowie die M\u00f6glichkeit, 6K-Videos mit 60\u202ffps und 4K mit bis zu 120\u202ffps aufzunehmen. Der Infinity-Gimbal erlaubt 360\u00b0-Rotation und bis zu 70\u00b0 Aufw\u00e4rtsneigung f\u00fcr kreative Perspektiven. Mit einer [&hellip;]<\/p>\n","protected":false},"featured_media":468,"template":"","meta":[],"product_cat":[],"product_tag":[],"class_list":{"0":"post-409","1":"product","2":"type-product","3":"status-publish","4":"has-post-thumbnail","7":"first","8":"instock","9":"taxable","10":"shipping-taxable","11":"purchasable","12":"product-type-simple"},"_links":{"self":[{"href":"https:\/\/actionmall.act.at\/shop\/1534\/wp-json\/wp\/v2\/product\/409"}],"collection":[{"href":"https:\/\/actionmall.act.at\/shop\/1534\/wp-json\/wp\/v2\/product"}],"about":[{"href":"https:\/\/actionmall.act.at\/shop\/1534\/wp-json\/wp\/v2\/types\/product"}],"wp:featuredmedia":[{"embeddable":true,"href":"https:\/\/actionmall.act.at\/shop\/1534\/wp-json\/wp\/v2\/media\/468"}],"wp:attachment":[{"href":"https:\/\/actionmall.act.at\/shop\/1534\/wp-json\/wp\/v2\/media?parent=409"}],"wp:term":[{"taxonomy":"product_cat","embeddable":true,"href":"https:\/\/actionmall.act.at\/shop\/1534\/wp-json\/wp\/v2\/product_cat?post=409"},{"taxonomy":"product_tag","embeddable":true,"href":"https:\/\/actionmall.act.at\/shop\/1534\/wp-json\/wp\/v2\/product_tag?post=409"}],"curies":[{"name":"wp","href":"https:\/\/api.w.org\/{rel}","templated":true}]}}