{"id":415,"date":"2025-11-13T15:50:58","date_gmt":"2025-11-13T14:50:58","guid":{"rendered":"https:\/\/actionmall.act.at\/shop\/1534\/?post_type=product&#038;p=415"},"modified":"2025-11-27T15:50:11","modified_gmt":"2025-11-27T14:50:11","slug":"sony-wh-1000xm5-2","status":"publish","type":"product","link":"https:\/\/actionmall.act.at\/shop\/1534\/produkt\/sony-wh-1000xm5-2\/","title":{"rendered":"Sony WH- 1000XM5"},"content":{"rendered":"<p>Die Kopfh\u00f6rer bieten exzellente Ger\u00e4uschunterdr\u00fcckung mit mehreren Mikrofonen und speziellen Prozessoren. Sie unterst\u00fctzen Hi\u2011Res Audio kabellos via LDAC und liefern ein aufw\u00e4ndiges Klangbild mit hochwertigen Treibern. Der Tragekomfort ist hoch, sie wiegen nur etwa 250\u202fg. Die Akkulaufzeit betr\u00e4gt bis zu 30\u202fStunden mit ANC\u2011Ein und bis zu 40\u202fStunden mit ANC\u2011Aus.<\/p>\n<p>&nbsp;<\/p>\n<article class=\"text-token-text-primary w-full focus:outline-none [--shadow-height:45px] has-data-writing-block:pointer-events-none has-data-writing-block:-mt-(--shadow-height) has-data-writing-block:pt-(--shadow-height) [&#038;:has([data-writing-block])>*]:pointer-events-auto [content-visibility:auto] supports-[content-visibility:auto]:[contain-intrinsic-size:auto_100lvh] scroll-mt-[calc(var(&#8211;header-height)+min(200px,max(70px,20svh)))]&#8220; dir=&#8220;auto&#8220; data-turn-id=&#8220;request-6915e499-118c-832a-b013-f3a16ff898ad-8&#8243; data-testid=&#8220;conversation-turn-54&#8243; data-scroll-anchor=&#8220;true&#8220; data-turn=&#8220;assistant&#8220;><\/p>\n<div class=\"text-base my-auto mx-auto pb-10 [--thread-content-margin:--spacing(4)] thread-sm:[--thread-content-margin:--spacing(6)] thread-lg:[--thread-content-margin:--spacing(16)] px-(--thread-content-margin)\">\n<div class=\"[--thread-content-max-width:40rem] thread-lg:[--thread-content-max-width:48rem] mx-auto max-w-(--thread-content-max-width) flex-1 group\/turn-messages focus-visible:outline-hidden relative flex w-full min-w-0 flex-col agent-turn\">\n<div class=\"flex max-w-full flex-col grow\">\n<div class=\"min-h-8 text-message relative flex w-full flex-col items-end gap-2 text-start break-words whitespace-normal [.text-message+&#038;]:mt-1\" dir=\"auto\" data-message-author-role=\"assistant\" data-message-id=\"41712c62-234e-4cb4-90b5-adc7616f7457\" data-message-model-slug=\"gpt-5-mini\">\n<div class=\"flex w-full flex-col gap-1 empty:hidden first:pt-[1px]\">\n<div class=\"markdown prose dark:prose-invert w-full break-words light markdown-new-styling\">\n<p data-start=\"2234\" data-end=\"2287\">Bild: Copyright liegt beim jeweiligen Bildeigent\u00fcmer.<\/p>\n<\/div>\n<\/div>\n<\/div>\n<\/div>\n<div class=\"z-0 flex min-h-[46px] justify-start\"><\/div>\n<div class=\"mt-3 w-full empty:hidden\">\n<div class=\"text-center\"><\/div>\n<\/div>\n<\/div>\n<\/div>\n<\/article>\n<div class=\"pointer-events-none h-px w-px\" aria-hidden=\"true\" data-edge=\"true\"><\/div>\n","protected":false},"excerpt":{"rendered":"<p>Die Kopfh\u00f6rer bieten exzellente Ger\u00e4uschunterdr\u00fcckung mit mehreren Mikrofonen und speziellen Prozessoren. Sie unterst\u00fctzen Hi\u2011Res Audio kabellos via LDAC und liefern ein aufw\u00e4ndiges Klangbild mit hochwertigen Treibern. Der Tragekomfort ist hoch, sie wiegen nur etwa 250\u202fg. Die Akkulaufzeit betr\u00e4gt bis zu 30\u202fStunden mit ANC\u2011Ein und bis zu 40\u202fStunden mit ANC\u2011Aus. &nbsp;<\/p>\n","protected":false},"featured_media":461,"template":"","meta":[],"product_cat":[],"product_tag":[],"class_list":{"0":"post-415","1":"product","2":"type-product","3":"status-publish","4":"has-post-thumbnail","7":"first","8":"instock","9":"taxable","10":"shipping-taxable","11":"purchasable","12":"product-type-simple"},"_links":{"self":[{"href":"https:\/\/actionmall.act.at\/shop\/1534\/wp-json\/wp\/v2\/product\/415"}],"collection":[{"href":"https:\/\/actionmall.act.at\/shop\/1534\/wp-json\/wp\/v2\/product"}],"about":[{"href":"https:\/\/actionmall.act.at\/shop\/1534\/wp-json\/wp\/v2\/types\/product"}],"wp:featuredmedia":[{"embeddable":true,"href":"https:\/\/actionmall.act.at\/shop\/1534\/wp-json\/wp\/v2\/media\/461"}],"wp:attachment":[{"href":"https:\/\/actionmall.act.at\/shop\/1534\/wp-json\/wp\/v2\/media?parent=415"}],"wp:term":[{"taxonomy":"product_cat","embeddable":true,"href":"https:\/\/actionmall.act.at\/shop\/1534\/wp-json\/wp\/v2\/product_cat?post=415"},{"taxonomy":"product_tag","embeddable":true,"href":"https:\/\/actionmall.act.at\/shop\/1534\/wp-json\/wp\/v2\/product_tag?post=415"}],"curies":[{"name":"wp","href":"https:\/\/api.w.org\/{rel}","templated":true}]}}