{"id":416,"date":"2025-11-13T15:51:51","date_gmt":"2025-11-13T14:51:51","guid":{"rendered":"https:\/\/actionmall.act.at\/shop\/1534\/?post_type=product&#038;p=416"},"modified":"2025-11-27T15:49:33","modified_gmt":"2025-11-27T14:49:33","slug":"dji-mini-5-pro","status":"publish","type":"product","link":"https:\/\/actionmall.act.at\/shop\/1534\/produkt\/dji-mini-5-pro\/","title":{"rendered":"DJI Mini 5 Pro"},"content":{"rendered":"<p>Die <strong>DJI Mini 5 Pro<\/strong> ist eine ultrakompakte, leistungsstarke Drohne, die sich ideal f\u00fcr Reisen und mobilen Einsatz eignet. Sie verf\u00fcgt \u00fcber einen 1-Zoll-50-MP-Sensor, erm\u00f6glicht 4K-Videoaufnahmen mit bis zu 120\u202ffps und bietet eine hohe Dynamik f\u00fcr detailreiche Bilder. Die Flugzeit liegt bei bis zu 36\u202fMinuten mit dem Standardakku und bis zu 52\u202fMinuten mit der optionalen Premium-Batterie. Omnidirektionale Hinderniserkennung und ein Gimbal mit 225\u00b0 Roll-Drehung erm\u00f6glichen kreative Perspektiven, einschlie\u00dflich vertikaler Videos ohne Zuschnitt. Sie ist perfekt f\u00fcr Content-Creator, Reisende und Luftbild-Enthusiasten, die Mobilit\u00e4t und Top-Bildqualit\u00e4t kombinieren m\u00f6chten.<\/p>\n<p>&nbsp;<\/p>\n<p>Bild: Copyright liegt beim jeweiligen Eigent\u00fcmer<\/p>\n","protected":false},"excerpt":{"rendered":"<p>Die DJI Mini 5 Pro ist eine ultrakompakte, leistungsstarke Drohne, die sich ideal f\u00fcr Reisen und mobilen Einsatz eignet. Sie verf\u00fcgt \u00fcber einen 1-Zoll-50-MP-Sensor, erm\u00f6glicht 4K-Videoaufnahmen mit bis zu 120\u202ffps und bietet eine hohe Dynamik f\u00fcr detailreiche Bilder. Die Flugzeit liegt bei bis zu 36\u202fMinuten mit dem Standardakku und bis zu 52\u202fMinuten mit der optionalen [&hellip;]<\/p>\n","protected":false},"featured_media":459,"template":"","meta":[],"product_cat":[],"product_tag":[],"class_list":{"0":"post-416","1":"product","2":"type-product","3":"status-publish","4":"has-post-thumbnail","7":"first","8":"instock","9":"taxable","10":"shipping-taxable","11":"purchasable","12":"product-type-simple"},"_links":{"self":[{"href":"https:\/\/actionmall.act.at\/shop\/1534\/wp-json\/wp\/v2\/product\/416"}],"collection":[{"href":"https:\/\/actionmall.act.at\/shop\/1534\/wp-json\/wp\/v2\/product"}],"about":[{"href":"https:\/\/actionmall.act.at\/shop\/1534\/wp-json\/wp\/v2\/types\/product"}],"wp:featuredmedia":[{"embeddable":true,"href":"https:\/\/actionmall.act.at\/shop\/1534\/wp-json\/wp\/v2\/media\/459"}],"wp:attachment":[{"href":"https:\/\/actionmall.act.at\/shop\/1534\/wp-json\/wp\/v2\/media?parent=416"}],"wp:term":[{"taxonomy":"product_cat","embeddable":true,"href":"https:\/\/actionmall.act.at\/shop\/1534\/wp-json\/wp\/v2\/product_cat?post=416"},{"taxonomy":"product_tag","embeddable":true,"href":"https:\/\/actionmall.act.at\/shop\/1534\/wp-json\/wp\/v2\/product_tag?post=416"}],"curies":[{"name":"wp","href":"https:\/\/api.w.org\/{rel}","templated":true}]}}