{"id":252,"date":"2024-10-24T11:59:25","date_gmt":"2024-10-24T09:59:25","guid":{"rendered":"https:\/\/actionmall.act.at\/shop\/1554\/?post_type=product&#038;p=252"},"modified":"2025-11-10T11:08:21","modified_gmt":"2025-11-10T10:08:21","slug":"aio-fussmatte","status":"publish","type":"product","link":"https:\/\/actionmall.act.at\/shop\/1554\/en\/produkt\/aio-fussmatte\/","title":{"rendered":"AIO-Fu\u00dfmatte"},"content":{"rendered":"<p>&#8211; Fu\u00dfmatte aus hochwertigem PVC-Material tr\u00e4gt zur effektiven Schmutzaufnahme bei<\/p>\n<p>&#8211; leicht zu reinigen<\/p>\n<p>&#8211; Durch das schlichte Design passt unsere Fu\u00dfmatte in jeden Einrichtungsstil<\/p>\n<p>Produktabmessungen: 40x60cm<\/p>\n<p>Gewicht: 1 kg<\/p>\n<p>Farbe: grau<\/p>\n","protected":false},"excerpt":{"rendered":"<p>&#8211; Fu\u00dfmatte aus hochwertigem PVC-Material tr\u00e4gt zur effektiven Schmutzaufnahme bei &#8211; leicht zu reinigen &#8211; Durch das schlichte Design passt unsere Fu\u00dfmatte in jeden Einrichtungsstil Produktabmessungen: 40x60cm Gewicht: 1 kg Farbe: grau<\/p>\n","protected":false},"featured_media":425,"template":"","meta":[],"product_cat":[],"product_tag":[],"class_list":{"0":"post-252","1":"product","2":"type-product","3":"status-publish","4":"has-post-thumbnail","7":"first","8":"instock","9":"taxable","10":"shipping-taxable","11":"purchasable","12":"product-type-simple"},"_links":{"self":[{"href":"https:\/\/actionmall.act.at\/shop\/1554\/en\/wp-json\/wp\/v2\/product\/252"}],"collection":[{"href":"https:\/\/actionmall.act.at\/shop\/1554\/en\/wp-json\/wp\/v2\/product"}],"about":[{"href":"https:\/\/actionmall.act.at\/shop\/1554\/en\/wp-json\/wp\/v2\/types\/product"}],"wp:featuredmedia":[{"embeddable":true,"href":"https:\/\/actionmall.act.at\/shop\/1554\/en\/wp-json\/wp\/v2\/media\/425"}],"wp:attachment":[{"href":"https:\/\/actionmall.act.at\/shop\/1554\/en\/wp-json\/wp\/v2\/media?parent=252"}],"wp:term":[{"taxonomy":"product_cat","embeddable":true,"href":"https:\/\/actionmall.act.at\/shop\/1554\/en\/wp-json\/wp\/v2\/product_cat?post=252"},{"taxonomy":"product_tag","embeddable":true,"href":"https:\/\/actionmall.act.at\/shop\/1554\/en\/wp-json\/wp\/v2\/product_tag?post=252"}],"curies":[{"name":"wp","href":"https:\/\/api.w.org\/{rel}","templated":true}]}}