{"id":256,"date":"2024-10-24T12:11:55","date_gmt":"2024-10-24T10:11:55","guid":{"rendered":"https:\/\/actionmall.act.at\/shop\/1554\/?post_type=product&#038;p=256"},"modified":"2025-11-10T11:07:44","modified_gmt":"2025-11-10T10:07:44","slug":"aio-aktenvernichter","status":"publish","type":"product","link":"https:\/\/actionmall.act.at\/shop\/1554\/en\/produkt\/aio-aktenvernichter\/","title":{"rendered":"AIO \u2013 Aktenvernichter"},"content":{"rendered":"<p>&#8211; Unser schwarzer B\u00fcro-Aktenvernichter f\u00fcr Karten und Papier vernichtet bis zu 6 Blatt auf einmal.<\/p>\n<p>&#8211; Der Papiervernichter-Schredder kann in einer Ecke oder unter dem Schreibtisch platziert werden. Ideal f\u00fcr Ihr B\u00fcro.<\/p>\n<p>&#8211; Der 13 Liter Korb kann 180 Blatt A4-Papier f\u00fcr einfaches und weniger h\u00e4ufiges Entleeren aufnehmen.<\/p>\n<p>&#8211; Das gro\u00dfe transparente Fenster erm\u00f6glicht Ihnen, leicht zu sehen, wann er voll ist.<\/p>\n","protected":false},"excerpt":{"rendered":"<p>&#8211; Unser schwarzer B\u00fcro-Aktenvernichter f\u00fcr Karten und Papier vernichtet bis zu 6 Blatt auf einmal. &#8211; Der Papiervernichter-Schredder kann in einer Ecke oder unter dem Schreibtisch platziert werden. Ideal f\u00fcr Ihr B\u00fcro. &#8211; Der 13 Liter Korb kann 180 Blatt A4-Papier f\u00fcr einfaches und weniger h\u00e4ufiges Entleeren aufnehmen. &#8211; Das gro\u00dfe transparente Fenster erm\u00f6glicht Ihnen, [&hellip;]<\/p>\n","protected":false},"featured_media":422,"template":"","meta":[],"product_cat":[],"product_tag":[],"class_list":{"0":"post-256","1":"product","2":"type-product","3":"status-publish","4":"has-post-thumbnail","7":"first","8":"instock","9":"taxable","10":"shipping-taxable","11":"purchasable","12":"product-type-simple"},"_links":{"self":[{"href":"https:\/\/actionmall.act.at\/shop\/1554\/en\/wp-json\/wp\/v2\/product\/256"}],"collection":[{"href":"https:\/\/actionmall.act.at\/shop\/1554\/en\/wp-json\/wp\/v2\/product"}],"about":[{"href":"https:\/\/actionmall.act.at\/shop\/1554\/en\/wp-json\/wp\/v2\/types\/product"}],"wp:featuredmedia":[{"embeddable":true,"href":"https:\/\/actionmall.act.at\/shop\/1554\/en\/wp-json\/wp\/v2\/media\/422"}],"wp:attachment":[{"href":"https:\/\/actionmall.act.at\/shop\/1554\/en\/wp-json\/wp\/v2\/media?parent=256"}],"wp:term":[{"taxonomy":"product_cat","embeddable":true,"href":"https:\/\/actionmall.act.at\/shop\/1554\/en\/wp-json\/wp\/v2\/product_cat?post=256"},{"taxonomy":"product_tag","embeddable":true,"href":"https:\/\/actionmall.act.at\/shop\/1554\/en\/wp-json\/wp\/v2\/product_tag?post=256"}],"curies":[{"name":"wp","href":"https:\/\/api.w.org\/{rel}","templated":true}]}}