{"id":260,"date":"2024-10-24T12:18:23","date_gmt":"2024-10-24T10:18:23","guid":{"rendered":"https:\/\/actionmall.act.at\/shop\/1554\/?post_type=product&#038;p=260"},"modified":"2025-11-10T11:05:05","modified_gmt":"2025-11-10T10:05:05","slug":"aio-bambus-organizer","status":"publish","type":"product","link":"https:\/\/actionmall.act.at\/shop\/1554\/en\/produkt\/aio-bambus-organizer\/","title":{"rendered":"AIO \u2013 Bambus Organizer"},"content":{"rendered":"<p>&#8211; Bambus Organizer aus hochwertigem, widerstandsf\u00e4higem Bambus<\/p>\n<p>&#8211; Multifunktionale Aufbewahrungsbox mit mehreren gro\u00dfen F\u00e4chern f\u00fcr ihr Arbeitszimmer oder B\u00fcro<\/p>\n<p>&#8211; Ideal zur Aufbewahrung von verschiedensten B\u00fcromaterial und zur Sauberhaltung der Arbeitsfl\u00e4che<\/p>\n<p>&#8211; 100% NAT\u00dcRLICH \u2013 Mit der B\u00fcroablage aus nachhaltigem Bambus f\u00fchlst du dich sofort wohl an deinem Arbeitsplatz.<\/p>\n<p>&#8211; 100% OHNE M\u00dcLL \u2013 Die Schreibtischbox kommt plastikfrei verpackt bei Ihnen an und l\u00e4sst sich bei Bedarf kompostieren (Zero Waste).<\/p>\n<p>Produktabmessungen: 20H x 40B x 23L cm<br \/>\nGewicht: ca. 2,4 Kilogramm<\/p>\n","protected":false},"excerpt":{"rendered":"<p>&#8211; Bambus Organizer aus hochwertigem, widerstandsf\u00e4higem Bambus &#8211; Multifunktionale Aufbewahrungsbox mit mehreren gro\u00dfen F\u00e4chern f\u00fcr ihr Arbeitszimmer oder B\u00fcro &#8211; Ideal zur Aufbewahrung von verschiedensten B\u00fcromaterial und zur Sauberhaltung der Arbeitsfl\u00e4che &#8211; 100% NAT\u00dcRLICH \u2013 Mit der B\u00fcroablage aus nachhaltigem Bambus f\u00fchlst du dich sofort wohl an deinem Arbeitsplatz. &#8211; 100% OHNE M\u00dcLL \u2013 Die [&hellip;]<\/p>\n","protected":false},"featured_media":423,"template":"","meta":[],"product_cat":[],"product_tag":[],"class_list":{"0":"post-260","1":"product","2":"type-product","3":"status-publish","4":"has-post-thumbnail","7":"first","8":"instock","9":"taxable","10":"shipping-taxable","11":"purchasable","12":"product-type-simple"},"_links":{"self":[{"href":"https:\/\/actionmall.act.at\/shop\/1554\/en\/wp-json\/wp\/v2\/product\/260"}],"collection":[{"href":"https:\/\/actionmall.act.at\/shop\/1554\/en\/wp-json\/wp\/v2\/product"}],"about":[{"href":"https:\/\/actionmall.act.at\/shop\/1554\/en\/wp-json\/wp\/v2\/types\/product"}],"wp:featuredmedia":[{"embeddable":true,"href":"https:\/\/actionmall.act.at\/shop\/1554\/en\/wp-json\/wp\/v2\/media\/423"}],"wp:attachment":[{"href":"https:\/\/actionmall.act.at\/shop\/1554\/en\/wp-json\/wp\/v2\/media?parent=260"}],"wp:term":[{"taxonomy":"product_cat","embeddable":true,"href":"https:\/\/actionmall.act.at\/shop\/1554\/en\/wp-json\/wp\/v2\/product_cat?post=260"},{"taxonomy":"product_tag","embeddable":true,"href":"https:\/\/actionmall.act.at\/shop\/1554\/en\/wp-json\/wp\/v2\/product_tag?post=260"}],"curies":[{"name":"wp","href":"https:\/\/api.w.org\/{rel}","templated":true}]}}