{"id":262,"date":"2024-10-24T12:22:11","date_gmt":"2024-10-24T10:22:11","guid":{"rendered":"https:\/\/actionmall.act.at\/shop\/1554\/?post_type=product&#038;p=262"},"modified":"2025-11-10T11:04:16","modified_gmt":"2025-11-10T10:04:16","slug":"aio-vorhang","status":"publish","type":"product","link":"https:\/\/actionmall.act.at\/shop\/1554\/en\/produkt\/aio-vorhang\/","title":{"rendered":"AIO \u2013 Vorhang"},"content":{"rendered":"<p>&#8211; hellgr\u00fcner Vorhang mit faltenband aus reiner bio-Baumwolle<\/p>\n<p>&#8211; Gr\u00f6\u00dfe:145x135cm<\/p>\n<p>&#8211; Fein verarbeitet mit einem 5 cm breitem Saum.<\/p>\n<p>&#8211; Aufh\u00e4ngung: Tunneldurchzug und Gardinenband\/Faltenband zur Befestigung an Ringen oder Schienensystemen mithilfe von H\u00e4kchen (nicht im Lieferumfang enthalten).<\/p>\n<p>&#8211; Bei Verwendung des<br \/>\nTunneldurchzugs kann eine Gardinenstange bis \u00d825 mm genommen werden.<\/p>\n<p>&#8211; Diese raumverdunkelnden Vorh\u00e4nge verhindern, dass W\u00e4rme entweicht, und verhindern, dass Sonnenlicht in die R\u00e4ume gelangt.<\/p>\n<p>&#8211; Die Montierung und die Pflege ist sehr leicht<\/p>\n<p>&#8211; Sie sind weich, drapiert, elegant und f\u00fchlen sich sehr glatt an.<\/p>\n<p>&#8211; Produktabmessungen: 213.36L x 132.08B x 0.01H cm<\/p>\n","protected":false},"excerpt":{"rendered":"<p>&#8211; hellgr\u00fcner Vorhang mit faltenband aus reiner bio-Baumwolle &#8211; Gr\u00f6\u00dfe:145x135cm &#8211; Fein verarbeitet mit einem 5 cm breitem Saum. &#8211; Aufh\u00e4ngung: Tunneldurchzug und Gardinenband\/Faltenband zur Befestigung an Ringen oder Schienensystemen mithilfe von H\u00e4kchen (nicht im Lieferumfang enthalten). &#8211; Bei Verwendung des Tunneldurchzugs kann eine Gardinenstange bis \u00d825 mm genommen werden. &#8211; Diese raumverdunkelnden Vorh\u00e4nge verhindern, [&hellip;]<\/p>\n","protected":false},"featured_media":431,"template":"","meta":[],"product_cat":[],"product_tag":[],"class_list":{"0":"post-262","1":"product","2":"type-product","3":"status-publish","4":"has-post-thumbnail","7":"first","8":"instock","9":"taxable","10":"shipping-taxable","11":"purchasable","12":"product-type-simple"},"_links":{"self":[{"href":"https:\/\/actionmall.act.at\/shop\/1554\/en\/wp-json\/wp\/v2\/product\/262"}],"collection":[{"href":"https:\/\/actionmall.act.at\/shop\/1554\/en\/wp-json\/wp\/v2\/product"}],"about":[{"href":"https:\/\/actionmall.act.at\/shop\/1554\/en\/wp-json\/wp\/v2\/types\/product"}],"wp:featuredmedia":[{"embeddable":true,"href":"https:\/\/actionmall.act.at\/shop\/1554\/en\/wp-json\/wp\/v2\/media\/431"}],"wp:attachment":[{"href":"https:\/\/actionmall.act.at\/shop\/1554\/en\/wp-json\/wp\/v2\/media?parent=262"}],"wp:term":[{"taxonomy":"product_cat","embeddable":true,"href":"https:\/\/actionmall.act.at\/shop\/1554\/en\/wp-json\/wp\/v2\/product_cat?post=262"},{"taxonomy":"product_tag","embeddable":true,"href":"https:\/\/actionmall.act.at\/shop\/1554\/en\/wp-json\/wp\/v2\/product_tag?post=262"}],"curies":[{"name":"wp","href":"https:\/\/api.w.org\/{rel}","templated":true}]}}