{"id":264,"date":"2024-10-24T12:24:34","date_gmt":"2024-10-24T10:24:34","guid":{"rendered":"https:\/\/actionmall.act.at\/shop\/1554\/?post_type=product&#038;p=264"},"modified":"2025-11-10T11:02:38","modified_gmt":"2025-11-10T10:02:38","slug":"aio-ganzkoerperspiegel","status":"publish","type":"product","link":"https:\/\/actionmall.act.at\/shop\/1554\/en\/produkt\/aio-ganzkoerperspiegel\/","title":{"rendered":"AIO \u2013 Ganzk\u00f6rperspiegel"},"content":{"rendered":"<p>&#8211; Unser Ganzk\u00f6rperspiegel passt zu jedem Dekor und in jeden Raum.<br \/>\n&#8211; Streuschutz und explosionssichere Membran<\/p>\n<p>&#8211; umweltfreundliche Beschichtung mit Silbernitrat<\/p>\n<p>&#8211; kann an die Wand gelehnt oder mit dem integrierten St\u00e4nder \u00fcberall frei aufgestellt werden<\/p>\n<p>&#8211; kann auch mit den mitgelieferten Aufh\u00e4ngevorrichtungen vertikal\/horizontal platzsparend an die Wand geh\u00e4ngt werden<\/p>\n<p>&#8211; Ma\u00dfe: 50\/120\/1 cm<\/p>\n","protected":false},"excerpt":{"rendered":"<p>&#8211; Unser Ganzk\u00f6rperspiegel passt zu jedem Dekor und in jeden Raum. &#8211; Streuschutz und explosionssichere Membran &#8211; umweltfreundliche Beschichtung mit Silbernitrat &#8211; kann an die Wand gelehnt oder mit dem integrierten St\u00e4nder \u00fcberall frei aufgestellt werden &#8211; kann auch mit den mitgelieferten Aufh\u00e4ngevorrichtungen vertikal\/horizontal platzsparend an die Wand geh\u00e4ngt werden &#8211; Ma\u00dfe: 50\/120\/1 cm<\/p>\n","protected":false},"featured_media":426,"template":"","meta":[],"product_cat":[],"product_tag":[],"class_list":{"0":"post-264","1":"product","2":"type-product","3":"status-publish","4":"has-post-thumbnail","7":"first","8":"instock","9":"taxable","10":"shipping-taxable","11":"purchasable","12":"product-type-simple"},"_links":{"self":[{"href":"https:\/\/actionmall.act.at\/shop\/1554\/en\/wp-json\/wp\/v2\/product\/264"}],"collection":[{"href":"https:\/\/actionmall.act.at\/shop\/1554\/en\/wp-json\/wp\/v2\/product"}],"about":[{"href":"https:\/\/actionmall.act.at\/shop\/1554\/en\/wp-json\/wp\/v2\/types\/product"}],"wp:featuredmedia":[{"embeddable":true,"href":"https:\/\/actionmall.act.at\/shop\/1554\/en\/wp-json\/wp\/v2\/media\/426"}],"wp:attachment":[{"href":"https:\/\/actionmall.act.at\/shop\/1554\/en\/wp-json\/wp\/v2\/media?parent=264"}],"wp:term":[{"taxonomy":"product_cat","embeddable":true,"href":"https:\/\/actionmall.act.at\/shop\/1554\/en\/wp-json\/wp\/v2\/product_cat?post=264"},{"taxonomy":"product_tag","embeddable":true,"href":"https:\/\/actionmall.act.at\/shop\/1554\/en\/wp-json\/wp\/v2\/product_tag?post=264"}],"curies":[{"name":"wp","href":"https:\/\/api.w.org\/{rel}","templated":true}]}}