{"id":327,"date":"2025-02-13T12:36:12","date_gmt":"2025-02-13T11:36:12","guid":{"rendered":"https:\/\/actionmall.act.at\/shop\/1554\/?post_type=product&#038;p=327"},"modified":"2025-11-10T10:56:08","modified_gmt":"2025-11-10T09:56:08","slug":"aio-buerostuhl","status":"publish","type":"product","link":"https:\/\/actionmall.act.at\/shop\/1554\/en\/produkt\/aio-buerostuhl\/","title":{"rendered":"AIO &#8211; B\u00fcrostuhl"},"content":{"rendered":"<p><strong>Ma\u00dfe:<\/strong><\/p>\n<ul>\n<li>H\u00f6he: 100 \u2013 105 cm<\/li>\n<li>L\u00e4nge: 44 cm<\/li>\n<li>Breite: 49 cm<\/li>\n<\/ul>\n<p><strong>Beschreibung:<\/strong><\/p>\n<ul>\n<li>Materialmix aus Stoff und Netzstoff<\/li>\n<li>Bequeme, gepolsterte Sitzfl\u00e4che<\/li>\n<li>Ergonomische R\u00fcckenlehne mit Lordosenst\u00fctze<\/li>\n<li>H\u00f6henverstellbare Kopfst\u00fctze und Sitzh\u00f6he<\/li>\n<li>Komfortable Synchronmechanik<\/li>\n<li>Farbe: Cremewei\u00df<\/li>\n<\/ul>\n<p>&nbsp;<\/p>\n","protected":false},"excerpt":{"rendered":"<p>Ma\u00dfe: H\u00f6he: 100 \u2013 105 cm L\u00e4nge: 44 cm Breite: 49 cm Beschreibung: Materialmix aus Stoff und Netzstoff Bequeme, gepolsterte Sitzfl\u00e4che Ergonomische R\u00fcckenlehne mit Lordosenst\u00fctze H\u00f6henverstellbare Kopfst\u00fctze und Sitzh\u00f6he Komfortable Synchronmechanik Farbe: Cremewei\u00df &nbsp;<\/p>\n","protected":false},"featured_media":430,"template":"","meta":[],"product_cat":[],"product_tag":[],"class_list":{"0":"post-327","1":"product","2":"type-product","3":"status-publish","4":"has-post-thumbnail","7":"first","8":"instock","9":"taxable","10":"shipping-taxable","11":"purchasable","12":"product-type-simple"},"_links":{"self":[{"href":"https:\/\/actionmall.act.at\/shop\/1554\/en\/wp-json\/wp\/v2\/product\/327"}],"collection":[{"href":"https:\/\/actionmall.act.at\/shop\/1554\/en\/wp-json\/wp\/v2\/product"}],"about":[{"href":"https:\/\/actionmall.act.at\/shop\/1554\/en\/wp-json\/wp\/v2\/types\/product"}],"wp:featuredmedia":[{"embeddable":true,"href":"https:\/\/actionmall.act.at\/shop\/1554\/en\/wp-json\/wp\/v2\/media\/430"}],"wp:attachment":[{"href":"https:\/\/actionmall.act.at\/shop\/1554\/en\/wp-json\/wp\/v2\/media?parent=327"}],"wp:term":[{"taxonomy":"product_cat","embeddable":true,"href":"https:\/\/actionmall.act.at\/shop\/1554\/en\/wp-json\/wp\/v2\/product_cat?post=327"},{"taxonomy":"product_tag","embeddable":true,"href":"https:\/\/actionmall.act.at\/shop\/1554\/en\/wp-json\/wp\/v2\/product_tag?post=327"}],"curies":[{"name":"wp","href":"https:\/\/api.w.org\/{rel}","templated":true}]}}