{"id":329,"date":"2025-02-13T12:41:07","date_gmt":"2025-02-13T11:41:07","guid":{"rendered":"https:\/\/actionmall.act.at\/shop\/1554\/?post_type=product&#038;p=329"},"modified":"2025-11-10T10:55:20","modified_gmt":"2025-11-10T09:55:20","slug":"aio-bueroregal","status":"publish","type":"product","link":"https:\/\/actionmall.act.at\/shop\/1554\/en\/produkt\/aio-bueroregal\/","title":{"rendered":"AIO &#8211; B\u00fcroregal"},"content":{"rendered":"<p><strong>Ma\u00dfe:<\/strong><\/p>\n<ul>\n<li>H\u00f6he: 180 cm<\/li>\n<li>Breite: 117 cm<\/li>\n<li>Tiefe: 35 cm<\/li>\n<li>Materialst\u00e4rke: 18 mm<\/li>\n<\/ul>\n<p><strong>Ausstattung:<\/strong><\/p>\n<ul>\n<li>3 T\u00fcren<\/li>\n<li>3 Griffe<\/li>\n<\/ul>\n<p><strong>Beschreibung:<\/strong><\/p>\n<ul>\n<li>Farbe: Eiche Sonoma \/ Wei\u00df<\/li>\n<li>Material:\n<ul>\n<li>laminierte Holzfaserplatten<\/li>\n<li>Griffe: Kunststoff<\/li>\n<\/ul>\n<\/li>\n<\/ul>\n<p>&nbsp;<\/p>\n","protected":false},"excerpt":{"rendered":"<p>Ma\u00dfe: H\u00f6he: 180 cm Breite: 117 cm Tiefe: 35 cm Materialst\u00e4rke: 18 mm Ausstattung: 3 T\u00fcren 3 Griffe Beschreibung: Farbe: Eiche Sonoma \/ Wei\u00df Material: laminierte Holzfaserplatten Griffe: Kunststoff &nbsp;<\/p>\n","protected":false},"featured_media":424,"template":"","meta":[],"product_cat":[],"product_tag":[],"class_list":{"0":"post-329","1":"product","2":"type-product","3":"status-publish","4":"has-post-thumbnail","7":"first","8":"instock","9":"taxable","10":"shipping-taxable","11":"purchasable","12":"product-type-simple"},"_links":{"self":[{"href":"https:\/\/actionmall.act.at\/shop\/1554\/en\/wp-json\/wp\/v2\/product\/329"}],"collection":[{"href":"https:\/\/actionmall.act.at\/shop\/1554\/en\/wp-json\/wp\/v2\/product"}],"about":[{"href":"https:\/\/actionmall.act.at\/shop\/1554\/en\/wp-json\/wp\/v2\/types\/product"}],"wp:featuredmedia":[{"embeddable":true,"href":"https:\/\/actionmall.act.at\/shop\/1554\/en\/wp-json\/wp\/v2\/media\/424"}],"wp:attachment":[{"href":"https:\/\/actionmall.act.at\/shop\/1554\/en\/wp-json\/wp\/v2\/media?parent=329"}],"wp:term":[{"taxonomy":"product_cat","embeddable":true,"href":"https:\/\/actionmall.act.at\/shop\/1554\/en\/wp-json\/wp\/v2\/product_cat?post=329"},{"taxonomy":"product_tag","embeddable":true,"href":"https:\/\/actionmall.act.at\/shop\/1554\/en\/wp-json\/wp\/v2\/product_tag?post=329"}],"curies":[{"name":"wp","href":"https:\/\/api.w.org\/{rel}","templated":true}]}}